{"id":401,"date":"2021-08-09T15:32:34","date_gmt":"2021-08-09T15:32:34","guid":{"rendered":"https:\/\/unirparafazer.pt\/?page_id=401"},"modified":"2021-08-09T15:32:34","modified_gmt":"2021-08-09T15:32:34","slug":"contributos","status":"publish","type":"page","link":"https:\/\/unirparafazer.pt\/index.php\/contributos\/","title":{"rendered":"Contributos"},"content":{"rendered":"\t\t<div data-elementor-type=\"wp-page\" data-elementor-id=\"401\" class=\"elementor elementor-401\" data-elementor-settings=\"[]\">\n\t\t\t\t\t\t\t<div class=\"elementor-section-wrap\">\n\t\t\t\t\t\t\t<section class=\"elementor-section elementor-top-section elementor-element elementor-element-a58ec84 elementor-section-height-min-height elementor-section-boxed elementor-section-height-default elementor-section-items-middle\" data-id=\"a58ec84\" data-element_type=\"section\" data-settings=\"{&quot;background_background&quot;:&quot;classic&quot;}\">\n\t\t\t\t\t\t<div class=\"elementor-container elementor-column-gap-default\">\n\t\t\t\t\t<div class=\"elementor-column elementor-col-50 elementor-top-column elementor-element elementor-element-17cdaaf\" data-id=\"17cdaaf\" data-element_type=\"column\">\n\t\t\t<div class=\"elementor-widget-wrap elementor-element-populated\">\n\t\t\t\t\t\t\t\t<section class=\"elementor-section elementor-inner-section elementor-element elementor-element-54915ce elementor-section-boxed elementor-section-height-default elementor-section-height-default\" data-id=\"54915ce\" data-element_type=\"section\">\n\t\t\t\t\t\t<div class=\"elementor-container elementor-column-gap-default\">\n\t\t\t\t\t<div class=\"elementor-column elementor-col-33 elementor-inner-column elementor-element elementor-element-b5c1bd3\" data-id=\"b5c1bd3\" data-element_type=\"column\">\n\t\t\t<div class=\"elementor-widget-wrap elementor-element-populated\">\n\t\t\t\t\t\t\t\t<div class=\"elementor-element elementor-element-c95b165 elementor-view-default elementor-widget elementor-widget-icon\" data-id=\"c95b165\" data-element_type=\"widget\" data-widget_type=\"icon.default\">\n\t\t\t\t<div class=\"elementor-widget-container\">\n\t\t\t\t\t<div class=\"elementor-icon-wrapper\">\n\t\t\t<a class=\"elementor-icon\" href=\"\/index.php\">\n\t\t\t<i aria-hidden=\"true\" class=\"fas fa-home\"><\/i>\t\t\t<\/a>\n\t\t<\/div>\n\t\t\t\t<\/div>\n\t\t\t\t<\/div>\n\t\t\t\t\t<\/div>\n\t\t<\/div>\n\t\t\t\t<div class=\"elementor-column elementor-col-33 elementor-inner-column elementor-element elementor-element-fa447b0\" data-id=\"fa447b0\" data-element_type=\"column\">\n\t\t\t<div class=\"elementor-widget-wrap elementor-element-populated\">\n\t\t\t\t\t\t\t\t<div class=\"elementor-element elementor-element-ec8869b elementor-widget elementor-widget-heading\" data-id=\"ec8869b\" data-element_type=\"widget\" data-widget_type=\"heading.default\">\n\t\t\t\t<div class=\"elementor-widget-container\">\n\t\t\t<h2 class=\"elementor-heading-title elementor-size-default\"><a href=\"mailto:candidato@unirparafazer.pt\">candidato@unirparafazer.pt<\/a><\/h2>\t\t<\/div>\n\t\t\t\t<\/div>\n\t\t\t\t\t<\/div>\n\t\t<\/div>\n\t\t\t\t<div class=\"elementor-column elementor-col-33 elementor-inner-column elementor-element elementor-element-28fb9c7\" data-id=\"28fb9c7\" data-element_type=\"column\">\n\t\t\t<div class=\"elementor-widget-wrap elementor-element-populated\">\n\t\t\t\t\t\t\t\t<div class=\"elementor-element elementor-element-8d54409 elementor-shape-circle e-grid-align-right redessociais e-grid-align-left elementor-grid-0 elementor-widget elementor-widget-social-icons\" data-id=\"8d54409\" data-element_type=\"widget\" data-widget_type=\"social-icons.default\">\n\t\t\t\t<div class=\"elementor-widget-container\">\n\t\t\t\t\t<div class=\"elementor-social-icons-wrapper elementor-grid\">\n\t\t\t\t\t\t\t<div class=\"elementor-grid-item\">\n\t\t\t\t\t<a class=\"elementor-icon elementor-social-icon elementor-social-icon-facebook elementor-repeater-item-e34aa91\" href=\"https:\/\/www.facebook.com\/UnirParaFazerCampolargo2021\" target=\"_blank\">\n\t\t\t\t\t\t<span class=\"elementor-screen-only\">Facebook<\/span>\n\t\t\t\t\t\t<i class=\"fab fa-facebook\"><\/i>\t\t\t\t\t<\/a>\n\t\t\t\t<\/div>\n\t\t\t\t\t<\/div>\n\t\t\t\t<\/div>\n\t\t\t\t<\/div>\n\t\t\t\t\t<\/div>\n\t\t<\/div>\n\t\t\t\t\t\t\t<\/div>\n\t\t<\/section>\n\t\t\t\t\t<\/div>\n\t\t<\/div>\n\t\t\t\t<div class=\"elementor-column elementor-col-50 elementor-top-column elementor-element elementor-element-e67c6a5\" data-id=\"e67c6a5\" data-element_type=\"column\">\n\t\t\t<div class=\"elementor-widget-wrap\">\n\t\t\t\t\t\t\t\t\t<\/div>\n\t\t<\/div>\n\t\t\t\t\t\t\t<\/div>\n\t\t<\/section>\n\t\t\t\t<section class=\"elementor-section elementor-top-section elementor-element elementor-element-532b44c elementor-section-height-min-height elementor-section-boxed elementor-section-height-default elementor-section-items-middle\" data-id=\"532b44c\" data-element_type=\"section\" id=\"participar\" data-settings=\"{&quot;background_background&quot;:&quot;classic&quot;}\">\n\t\t\t\t\t\t\t<div class=\"elementor-background-overlay\"><\/div>\n\t\t\t\t\t\t\t<div class=\"elementor-container elementor-column-gap-default\">\n\t\t\t\t\t<div class=\"elementor-column elementor-col-50 elementor-top-column elementor-element elementor-element-c8a494b\" data-id=\"c8a494b\" data-element_type=\"column\">\n\t\t\t<div class=\"elementor-widget-wrap elementor-element-populated\">\n\t\t\t\t\t\t\t\t<div class=\"elementor-element elementor-element-5b81058 elementor-widget elementor-widget-heading\" data-id=\"5b81058\" data-element_type=\"widget\" data-widget_type=\"heading.default\">\n\t\t\t\t<div class=\"elementor-widget-container\">\n\t\t\t<h2 class=\"elementor-heading-title elementor-size-default\">APRESENTE OS SEUS<\/h2>\t\t<\/div>\n\t\t\t\t<\/div>\n\t\t\t\t<div class=\"elementor-element elementor-element-dd60729 elementor-widget elementor-widget-heading\" data-id=\"dd60729\" data-element_type=\"widget\" data-widget_type=\"heading.default\">\n\t\t\t\t<div class=\"elementor-widget-container\">\n\t\t\t<h2 class=\"elementor-heading-title elementor-size-default\">CONTRIBUTOS<\/h2>\t\t<\/div>\n\t\t\t\t<\/div>\n\t\t\t\t\t<\/div>\n\t\t<\/div>\n\t\t\t\t<div class=\"elementor-column elementor-col-50 elementor-top-column elementor-element elementor-element-f9391ef\" data-id=\"f9391ef\" data-element_type=\"column\">\n\t\t\t<div class=\"elementor-widget-wrap elementor-element-populated\">\n\t\t\t\t\t\t\t\t<div class=\"elementor-element elementor-element-8934c15 eael-contact-form-7-button-align-left eael-contact-form-7-button-custom elementor-widget elementor-widget-eael-contact-form-7\" data-id=\"8934c15\" data-element_type=\"widget\" data-widget_type=\"eael-contact-form-7.default\">\n\t\t\t\t<div class=\"elementor-widget-container\">\n\t\t\t<div class=\"eael-contact-form-7-wrapper\">\n                <div class=\"eael-contact-form eael-contact-form-7 eael-contact-form-8934c15 placeholder-show eael-contact-form-align-default\"><div role=\"form\" class=\"wpcf7\" id=\"wpcf7-f371-o1\" lang=\"pt-PT\" dir=\"ltr\">\n<div class=\"screen-reader-response\"><p role=\"status\" aria-live=\"polite\" aria-atomic=\"true\"><\/p> <ul><\/ul><\/div>\n<form action=\"\/index.php\/wp-json\/wp\/v2\/pages\/401#wpcf7-f371-o1\" method=\"post\" class=\"wpcf7-form init\" novalidate=\"novalidate\" data-status=\"init\">\n<div style=\"display: none;\">\n<input type=\"hidden\" name=\"_wpcf7\" value=\"371\" \/>\n<input type=\"hidden\" name=\"_wpcf7_version\" value=\"5.4.1\" \/>\n<input type=\"hidden\" name=\"_wpcf7_locale\" value=\"pt_PT\" \/>\n<input type=\"hidden\" name=\"_wpcf7_unit_tag\" value=\"wpcf7-f371-o1\" \/>\n<input type=\"hidden\" name=\"_wpcf7_container_post\" value=\"0\" \/>\n<input type=\"hidden\" name=\"_wpcf7_posted_data_hash\" value=\"\" \/>\n<input type=\"hidden\" name=\"_wpcf7cf_hidden_group_fields\" value=\"\" \/>\n<input type=\"hidden\" name=\"_wpcf7cf_hidden_groups\" value=\"\" \/>\n<input type=\"hidden\" name=\"_wpcf7cf_visible_groups\" value=\"\" \/>\n<input type=\"hidden\" name=\"_wpcf7cf_repeaters\" value=\"[]\" \/>\n<input type=\"hidden\" name=\"_wpcf7cf_steps\" value=\"{}\" \/>\n<input type=\"hidden\" name=\"_wpcf7cf_options\" value=\"{&quot;form_id&quot;:371,&quot;conditions&quot;:[{&quot;then_field&quot;:&quot;group-governacao&quot;,&quot;and_rules&quot;:[{&quot;if_field&quot;:&quot;areaestruturante&quot;,&quot;operator&quot;:&quot;equals&quot;,&quot;if_value&quot;:&quot;Governa\\u00e7\\u00e3o&quot;}]},{&quot;then_field&quot;:&quot;group-educacao&quot;,&quot;and_rules&quot;:[{&quot;if_field&quot;:&quot;areaestruturante&quot;,&quot;operator&quot;:&quot;equals&quot;,&quot;if_value&quot;:&quot;Pessoas&quot;}]},{&quot;then_field&quot;:&quot;group-economia&quot;,&quot;and_rules&quot;:[{&quot;if_field&quot;:&quot;areaestruturante&quot;,&quot;operator&quot;:&quot;equals&quot;,&quot;if_value&quot;:&quot;Economia&quot;}]},{&quot;then_field&quot;:&quot;group-equipamentoseservicos&quot;,&quot;and_rules&quot;:[{&quot;if_field&quot;:&quot;areaestruturante&quot;,&quot;operator&quot;:&quot;equals&quot;,&quot;if_value&quot;:&quot;Equipamentos e Servi\\u00e7os&quot;}]},{&quot;then_field&quot;:&quot;group-contributo&quot;,&quot;and_rules&quot;:[{&quot;if_field&quot;:&quot;areaestruturante&quot;,&quot;operator&quot;:&quot;equals&quot;,&quot;if_value&quot;:&quot;Governa\\u00e7\\u00e3o&quot;}]},{&quot;then_field&quot;:&quot;group-contributo&quot;,&quot;and_rules&quot;:[{&quot;if_field&quot;:&quot;areaestruturante&quot;,&quot;operator&quot;:&quot;equals&quot;,&quot;if_value&quot;:&quot;Pessoas&quot;}]},{&quot;then_field&quot;:&quot;group-contributo&quot;,&quot;and_rules&quot;:[{&quot;if_field&quot;:&quot;areaestruturante&quot;,&quot;operator&quot;:&quot;equals&quot;,&quot;if_value&quot;:&quot;Economia&quot;}]},{&quot;then_field&quot;:&quot;group-contributo&quot;,&quot;and_rules&quot;:[{&quot;if_field&quot;:&quot;areaestruturante&quot;,&quot;operator&quot;:&quot;equals&quot;,&quot;if_value&quot;:&quot;Equipamentos e Servi\\u00e7os&quot;}]}],&quot;settings&quot;:{&quot;animation&quot;:&quot;yes&quot;,&quot;animation_intime&quot;:200,&quot;animation_outtime&quot;:200,&quot;conditions_ui&quot;:&quot;normal&quot;,&quot;notice_dismissed&quot;:false,&quot;notice_dismissed_update-cf7-5.4.2&quot;:true}}\" \/>\n<\/div>\n<div class=\"stylingapoiosform contributos\">\n<label style=\"line-height:0;\"> Nome:<br \/>\n<span class=\"wpcf7-form-control-wrap nome\"><input type=\"text\" name=\"nome\" value=\"\" size=\"40\" class=\"wpcf7-form-control wpcf7-text wpcf7-validates-as-required\" aria-required=\"true\" aria-invalid=\"false\" \/><\/span><br \/>\n<\/label><\/p>\n<div class=\"form50\">\n<div>\n<label style=\"line-height:0;\"> Telem\u00f3vel:<br \/>\n    <span class=\"wpcf7-form-control-wrap telemovel\"><input type=\"tel\" name=\"telemovel\" value=\"\" size=\"40\" class=\"wpcf7-form-control wpcf7-text wpcf7-tel wpcf7-validates-as-required wpcf7-validates-as-tel\" aria-required=\"true\" aria-invalid=\"false\" \/><\/span><br \/>\n<\/label>\n<\/div>\n<div>\n<label style=\"line-height:0;\"> E-mail:<br \/>\n<span class=\"wpcf7-form-control-wrap email\"><input type=\"email\" name=\"email\" value=\"\" size=\"40\" class=\"wpcf7-form-control wpcf7-text wpcf7-email wpcf7-validates-as-required wpcf7-validates-as-email\" aria-required=\"true\" aria-invalid=\"false\" \/><\/span><br \/>\n<\/label>\n<\/div>\n<\/div>\n<p><label style=\"line-height:0;\"> Freguesia:<br \/>\n<span class=\"wpcf7-form-control-wrap freguesia\"><input type=\"text\" name=\"freguesia\" value=\"\" size=\"40\" class=\"wpcf7-form-control wpcf7-text wpcf7-validates-as-required\" aria-required=\"true\" aria-invalid=\"false\" \/><\/span><br \/>\n<\/label><\/p>\n<p><label style=\"line-height:0;\"> \u00c1rea Estruturante:<br \/>\n<span class=\"wpcf7-form-control-wrap areaestruturante\"><select name=\"areaestruturante\" class=\"wpcf7-form-control wpcf7-select wpcf7-validates-as-required\" aria-required=\"true\" aria-invalid=\"false\"><option value=\"\">---<\/option><option value=\"Governa\u00e7\u00e3o\">Governa\u00e7\u00e3o<\/option><option value=\"Pessoas\">Pessoas<\/option><option value=\"Economia\">Economia<\/option><option value=\"Equipamentos e Servi\u00e7os\">Equipamentos e Servi\u00e7os<\/option><\/select><\/span><br \/>\n<\/label><\/p>\n<div data-id=\"group-governacao\" data-orig_data_id=\"group-governacao\"  data-class=\"wpcf7cf_group\">\n<label style=\"line-height:0;\"> Linhas de Interven\u00e7\u00e3o:<br \/>\n<span class=\"wpcf7-form-control-wrap governacao\"><select name=\"governacao\" class=\"wpcf7-form-control wpcf7-select\" aria-invalid=\"false\"><option value=\"Administra\u00e7\u00e3o\">Administra\u00e7\u00e3o<\/option><option value=\"Resposta Social\">Resposta Social<\/option><option value=\"Participa\u00e7\u00e3o C\u00edvica\">Participa\u00e7\u00e3o C\u00edvica<\/option><\/select><\/span><br \/>\n<\/label>\n<\/div>\n<div data-id=\"group-educacao\" data-orig_data_id=\"group-educacao\"  data-class=\"wpcf7cf_group\">\n<label style=\"line-height:0;\"> Linhas de Interven\u00e7\u00e3o:<br \/>\n<span class=\"wpcf7-form-control-wrap educacao\"><select name=\"educacao\" class=\"wpcf7-form-control wpcf7-select\" aria-invalid=\"false\"><option value=\"Educa\u00e7\u00e3o\">Educa\u00e7\u00e3o<\/option><option value=\"Cultura\">Cultura<\/option><option value=\"Desporto\">Desporto<\/option><option value=\"Movimento Associativo\">Movimento Associativo<\/option><\/select><\/span><br \/>\n<\/label>\n<\/div>\n<div data-id=\"group-economia\" data-orig_data_id=\"group-economia\"  data-class=\"wpcf7cf_group\">\n<label style=\"line-height:0;\"> Linhas de Interven\u00e7\u00e3o:<br \/>\n<span class=\"wpcf7-form-control-wrap economia\"><select name=\"economia\" class=\"wpcf7-form-control wpcf7-select\" aria-invalid=\"false\"><option value=\"Crescimento Sustent\u00e1vel\">Crescimento Sustent\u00e1vel<\/option><option value=\"Empresas\">Empresas<\/option><option value=\"Turismo\">Turismo<\/option><option value=\"Ria\">Ria<\/option><\/select><\/span><br \/>\n<\/label>\n<\/div>\n<div data-id=\"group-equipamentoseservicos\" data-orig_data_id=\"group-equipamentoseservicos\"  data-class=\"wpcf7cf_group\">\n<label style=\"line-height:0;\"> Linhas de Interven\u00e7\u00e3o:<br \/>\n<span class=\"wpcf7-form-control-wrap equipamentoseservicos\"><select name=\"equipamentoseservicos\" class=\"wpcf7-form-control wpcf7-select\" aria-invalid=\"false\"><option value=\"Mobilidade Sustent\u00e1vel\">Mobilidade Sustent\u00e1vel<\/option><option value=\"Prote\u00e7\u00e3o Civil\">Prote\u00e7\u00e3o Civil<\/option><option value=\"Inova\u00e7\u00e3o Digital\">Inova\u00e7\u00e3o Digital<\/option><option value=\"Infraestruturas\">Infraestruturas<\/option><\/select><\/span><br \/>\n<\/label>\n<\/div>\n<div data-id=\"group-contributo\" data-orig_data_id=\"group-contributo\"  data-class=\"wpcf7cf_group\">\n<label style=\"line-height:0;\"> Contributo:<br \/>\n<span class=\"wpcf7-form-control-wrap contributo\"><textarea name=\"contributo\" cols=\"40\" rows=\"10\" maxlength=\"500\" class=\"wpcf7-form-control wpcf7-textarea wpcf7-validates-as-required\" aria-required=\"true\" aria-invalid=\"false\" placeholder=\"Escreva aqui o seu contributo. (m\u00e1x 500 caracteres)\"><\/textarea><\/span> Caracteres Restantes: <span class=\"wpcf7-character-count down\" data-target-name=\"contributo\" data-starting-value=\"500\" data-current-value=\"500\" data-maximum-value=\"500\">500<\/span><br \/>\n<\/label><br>\n<\/div>\n<p><div id=\"cf7sr-69e122bd39264\" class=\"cf7sr-g-recaptcha\" data-sitekey=\"6Lc50MUaAAAAAHoFtZzbenge2ZvenlTjfo7Ls-9M\"><\/div><span class=\"wpcf7-form-control-wrap cf7sr-g-recaptcha-invalid\"><\/span><\/p>\n<p><input type=\"submit\" value=\"Submeter\" class=\"wpcf7-form-control wpcf7-submit submeterform roxo\" \/>\n<\/p><\/div>\n<div class=\"wpcf7-response-output\" aria-hidden=\"true\"><\/div><\/form><\/div><\/div>\n            <\/div>\t\t<\/div>\n\t\t\t\t<\/div>\n\t\t\t\t\t<\/div>\n\t\t<\/div>\n\t\t\t\t\t\t\t<\/div>\n\t\t<\/section>\n\t\t\t\t\t\t<\/div>\n\t\t\t\t\t<\/div>\n\t\t","protected":false},"excerpt":{"rendered":"<p>candidato@unirparafazer.pt Facebook APRESENTE OS SEUS CONTRIBUTOS Nome: Telem\u00f3vel: E-mail: Freguesia: \u00c1rea Estruturante: &#8212;Governa\u00e7\u00e3oPessoasEconomiaEquipamentos e Servi\u00e7os Linhas de Interven\u00e7\u00e3o: Administra\u00e7\u00e3oResposta SocialParticipa\u00e7\u00e3o C\u00edvica Linhas de Interven\u00e7\u00e3o: Educa\u00e7\u00e3oCulturaDesportoMovimento Associativo Linhas de Interven\u00e7\u00e3o: Crescimento Sustent\u00e1velEmpresasTurismoRia Linhas de Interven\u00e7\u00e3o: Mobilidade Sustent\u00e1velProte\u00e7\u00e3o CivilInova\u00e7\u00e3o DigitalInfraestruturas Contributo: Caracteres Restantes: 500<\/p>\n","protected":false},"author":1,"featured_media":0,"parent":0,"menu_order":0,"comment_status":"closed","ping_status":"closed","template":"elementor_canvas","meta":{"footnotes":""},"class_list":["post-401","page","type-page","status-publish","hentry"],"_links":{"self":[{"href":"https:\/\/unirparafazer.pt\/index.php\/wp-json\/wp\/v2\/pages\/401","targetHints":{"allow":["GET"]}}],"collection":[{"href":"https:\/\/unirparafazer.pt\/index.php\/wp-json\/wp\/v2\/pages"}],"about":[{"href":"https:\/\/unirparafazer.pt\/index.php\/wp-json\/wp\/v2\/types\/page"}],"author":[{"embeddable":true,"href":"https:\/\/unirparafazer.pt\/index.php\/wp-json\/wp\/v2\/users\/1"}],"replies":[{"embeddable":true,"href":"https:\/\/unirparafazer.pt\/index.php\/wp-json\/wp\/v2\/comments?post=401"}],"version-history":[{"count":14,"href":"https:\/\/unirparafazer.pt\/index.php\/wp-json\/wp\/v2\/pages\/401\/revisions"}],"predecessor-version":[{"id":415,"href":"https:\/\/unirparafazer.pt\/index.php\/wp-json\/wp\/v2\/pages\/401\/revisions\/415"}],"wp:attachment":[{"href":"https:\/\/unirparafazer.pt\/index.php\/wp-json\/wp\/v2\/media?parent=401"}],"curies":[{"name":"wp","href":"https:\/\/api.w.org\/{rel}","templated":true}]}}