{"id":678,"date":"2025-08-21T11:47:44","date_gmt":"2025-08-21T11:47:44","guid":{"rendered":"https:\/\/unirparafazer.pt\/?page_id=678"},"modified":"2025-08-21T16:06:44","modified_gmt":"2025-08-21T16:06:44","slug":"manuel_trovisco","status":"publish","type":"page","link":"https:\/\/unirparafazer.pt\/index.php\/manuel_trovisco\/","title":{"rendered":"Manuel Trovisco"},"content":{"rendered":"\t\t<div data-elementor-type=\"wp-page\" data-elementor-id=\"678\" class=\"elementor elementor-678\" data-elementor-settings=\"[]\">\n\t\t\t\t\t\t\t<div class=\"elementor-section-wrap\">\n\t\t\t\t\t\t\t<section class=\"elementor-section elementor-top-section elementor-element elementor-element-6fe8ecc elementor-section-height-min-height elementor-section-boxed elementor-section-height-default elementor-section-items-middle\" data-id=\"6fe8ecc\" data-element_type=\"section\" data-settings=\"{&quot;background_background&quot;:&quot;classic&quot;}\">\n\t\t\t\t\t\t<div class=\"elementor-container elementor-column-gap-default\">\n\t\t\t\t\t<div class=\"elementor-column elementor-col-50 elementor-top-column elementor-element elementor-element-d5c1401\" data-id=\"d5c1401\" data-element_type=\"column\">\n\t\t\t<div class=\"elementor-widget-wrap elementor-element-populated\">\n\t\t\t\t\t\t\t\t<div class=\"elementor-element elementor-element-e0b2673 elementor-widget elementor-widget-image\" data-id=\"e0b2673\" data-element_type=\"widget\" data-widget_type=\"image.default\">\n\t\t\t\t<div class=\"elementor-widget-container\">\n\t\t\t\t\t\t\t\t\t\t\t\t\t\t\t\t<a href=\"\/\">\n\t\t\t\t\t\t\t<img loading=\"lazy\" decoding=\"async\" width=\"1024\" height=\"460\" src=\"https:\/\/unirparafazer.pt\/wp-content\/uploads\/2021\/04\/cropped-logo_final_upf-03-scaled-1024x460.png\" class=\"attachment-large size-large\" alt=\"\" srcset=\"https:\/\/unirparafazer.pt\/wp-content\/uploads\/2021\/04\/cropped-logo_final_upf-03-scaled-1024x460.png 1024w, https:\/\/unirparafazer.pt\/wp-content\/uploads\/2021\/04\/cropped-logo_final_upf-03-scaled-300x135.png 300w, https:\/\/unirparafazer.pt\/wp-content\/uploads\/2021\/04\/cropped-logo_final_upf-03-scaled-768x345.png 768w, https:\/\/unirparafazer.pt\/wp-content\/uploads\/2021\/04\/cropped-logo_final_upf-03-scaled-1536x689.png 1536w, https:\/\/unirparafazer.pt\/wp-content\/uploads\/2021\/04\/cropped-logo_final_upf-03-scaled-2048x919.png 2048w, https:\/\/unirparafazer.pt\/wp-content\/uploads\/2021\/04\/cropped-logo_final_upf-03-scaled-175x79.png 175w\" sizes=\"auto, (max-width: 1024px) 100vw, 1024px\" \/>\t\t\t\t\t\t\t\t<\/a>\n\t\t\t\t\t\t\t\t\t\t\t\t\t\t\t<\/div>\n\t\t\t\t<\/div>\n\t\t\t\t<section class=\"elementor-section elementor-inner-section elementor-element elementor-element-ca7214e elementor-section-full_width elementor-section-height-default elementor-section-height-default\" data-id=\"ca7214e\" data-element_type=\"section\">\n\t\t\t\t\t\t<div class=\"elementor-container elementor-column-gap-extended\">\n\t\t\t\t\t<div class=\"elementor-column elementor-col-50 elementor-inner-column elementor-element elementor-element-bbd5cd4\" data-id=\"bbd5cd4\" data-element_type=\"column\">\n\t\t\t<div class=\"elementor-widget-wrap elementor-element-populated\">\n\t\t\t\t\t\t\t\t<div class=\"elementor-element elementor-element-17616cf elementor-hidden-phone elementor-view-default elementor-widget elementor-widget-icon\" data-id=\"17616cf\" data-element_type=\"widget\" data-widget_type=\"icon.default\">\n\t\t\t\t<div class=\"elementor-widget-container\">\n\t\t\t\t\t<div class=\"elementor-icon-wrapper\">\n\t\t\t<a class=\"elementor-icon\" href=\"\/index.php\">\n\t\t\t<i aria-hidden=\"true\" class=\"fas fa-home\"><\/i>\t\t\t<\/a>\n\t\t<\/div>\n\t\t\t\t<\/div>\n\t\t\t\t<\/div>\n\t\t\t\t\t<\/div>\n\t\t<\/div>\n\t\t\t\t<div class=\"elementor-column elementor-col-50 elementor-inner-column elementor-element elementor-element-d26038d\" data-id=\"d26038d\" data-element_type=\"column\">\n\t\t\t<div class=\"elementor-widget-wrap elementor-element-populated\">\n\t\t\t\t\t\t\t\t<div class=\"elementor-element elementor-element-8e4274b elementor-widget elementor-widget-heading\" data-id=\"8e4274b\" data-element_type=\"widget\" data-widget_type=\"heading.default\">\n\t\t\t\t<div class=\"elementor-widget-container\">\n\t\t\t<h2 class=\"elementor-heading-title elementor-size-default\">CANDIDATOS<\/h2>\t\t<\/div>\n\t\t\t\t<\/div>\n\t\t\t\t\t<\/div>\n\t\t<\/div>\n\t\t\t\t\t\t\t<\/div>\n\t\t<\/section>\n\t\t\t\t<div class=\"elementor-element elementor-element-82d3d24 elementor-widget elementor-widget-image\" data-id=\"82d3d24\" data-element_type=\"widget\" data-widget_type=\"image.default\">\n\t\t\t\t<div class=\"elementor-widget-container\">\n\t\t\t\t\t\t\t\t\t\t\t\t\t\t\t<img loading=\"lazy\" decoding=\"async\" width=\"1024\" height=\"1024\" src=\"https:\/\/unirparafazer.pt\/wp-content\/uploads\/2025\/06\/2025-Manuel-Trovisco-1024x1024.webp\" class=\"attachment-large size-large\" alt=\"\" srcset=\"https:\/\/unirparafazer.pt\/wp-content\/uploads\/2025\/06\/2025-Manuel-Trovisco-1024x1024.webp 1024w, https:\/\/unirparafazer.pt\/wp-content\/uploads\/2025\/06\/2025-Manuel-Trovisco-300x300.webp 300w, https:\/\/unirparafazer.pt\/wp-content\/uploads\/2025\/06\/2025-Manuel-Trovisco-150x150.webp 150w, https:\/\/unirparafazer.pt\/wp-content\/uploads\/2025\/06\/2025-Manuel-Trovisco-768x768.webp 768w, https:\/\/unirparafazer.pt\/wp-content\/uploads\/2025\/06\/2025-Manuel-Trovisco-1536x1536.webp 1536w, https:\/\/unirparafazer.pt\/wp-content\/uploads\/2025\/06\/2025-Manuel-Trovisco.webp 1700w\" sizes=\"auto, (max-width: 1024px) 100vw, 1024px\" \/>\t\t\t\t\t\t\t\t\t\t\t\t\t\t\t<\/div>\n\t\t\t\t<\/div>\n\t\t\t\t<div class=\"elementor-element elementor-element-6f3dffe elementor-widget elementor-widget-heading\" data-id=\"6f3dffe\" data-element_type=\"widget\" data-widget_type=\"heading.default\">\n\t\t\t\t<div class=\"elementor-widget-container\">\n\t\t\t<h2 class=\"elementor-heading-title elementor-size-default\">MANUEL TROVISCO<\/h2>\t\t<\/div>\n\t\t\t\t<\/div>\n\t\t\t\t<div class=\"elementor-element elementor-element-52122e4 elementor-widget elementor-widget-heading\" data-id=\"52122e4\" data-element_type=\"widget\" data-widget_type=\"heading.default\">\n\t\t\t\t<div class=\"elementor-widget-container\">\n\t\t\t<h3 class=\"elementor-heading-title elementor-size-default\">Junta de Freguesia da Gafanha da Nazar\u00e9<\/h3>\t\t<\/div>\n\t\t\t\t<\/div>\n\t\t\t\t<div class=\"elementor-element elementor-element-4e9e38a elementor-widget elementor-widget-text-editor\" data-id=\"4e9e38a\" data-element_type=\"widget\" data-widget_type=\"text-editor.default\">\n\t\t\t\t<div class=\"elementor-widget-container\">\n\t\t\t\t\t\t\t\t<p>Manuel Trovisco, 35 anos, vive na Gafanha da Nazar\u00e9 e \u00e9 agente funer\u00e1rio. Com uma vasta experi\u00eancia associativa, \u00e9 Presidente da Associa\u00e7\u00e3o dos Amigos da Praia da Barra e membro diretivo do Grupo Desportivo da Gafanha, do Grupo de Jovens da Praia da Barra e do Conselho Econ\u00f3mico da Par\u00f3quia da Sagrada Fam\u00edlia. Foi diretor e treinador de Camadas Jovens do Grupo Desportivo da Gafanha e vogal da Junta de Freguesia da Gafanha da Nazar\u00e9.<\/p>\t\t\t\t\t\t<\/div>\n\t\t\t\t<\/div>\n\t\t\t\t\t<\/div>\n\t\t<\/div>\n\t\t\t\t<div class=\"elementor-column elementor-col-50 elementor-top-column elementor-element elementor-element-9bd85fc\" data-id=\"9bd85fc\" data-element_type=\"column\">\n\t\t\t<div class=\"elementor-widget-wrap\">\n\t\t\t\t\t\t\t\t\t<\/div>\n\t\t<\/div>\n\t\t\t\t\t\t\t<\/div>\n\t\t<\/section>\n\t\t\t\t<section class=\"elementor-section elementor-top-section elementor-element elementor-element-6c37f98 elementor-section-boxed elementor-section-height-default elementor-section-height-default\" data-id=\"6c37f98\" data-element_type=\"section\">\n\t\t\t\t\t\t<div class=\"elementor-container elementor-column-gap-default\">\n\t\t\t\t\t<div class=\"elementor-column elementor-col-50 elementor-top-column elementor-element elementor-element-5b61865\" data-id=\"5b61865\" data-element_type=\"column\">\n\t\t\t<div class=\"elementor-widget-wrap elementor-element-populated\">\n\t\t\t\t\t\t\t\t<div class=\"elementor-element elementor-element-b03fff3 elementor-widget elementor-widget-heading\" data-id=\"b03fff3\" data-element_type=\"widget\" data-widget_type=\"heading.default\">\n\t\t\t\t<div class=\"elementor-widget-container\">\n\t\t\t<h3 class=\"elementor-heading-title elementor-size-default\">Caro(a) Conterr\u00e2neo(a),<\/h3>\t\t<\/div>\n\t\t\t\t<\/div>\n\t\t\t\t<div class=\"elementor-element elementor-element-0b121a1 elementor-widget elementor-widget-text-editor\" data-id=\"0b121a1\" data-element_type=\"widget\" data-widget_type=\"text-editor.default\">\n\t\t\t\t<div class=\"elementor-widget-container\">\n\t\t\t\t\t\t\t\t<p>\u00c9 com enorme <strong>sentido de responsabilidade<\/strong> e com o cora\u00e7\u00e3o cheio de vontade de servir que me apresento como candidato \u00e0 <strong>Junta de Freguesia da Gafanha da Nazar\u00e9<\/strong>, pelo <strong>Movimento de Cidad\u00e3os Eleitores Independentes \u2013 UNIR PARA FAZER.<\/strong><br \/><br \/>A nossa terra <strong>merece mais<\/strong>. Merece uma Junta <strong>pr\u00f3xima<\/strong>, <strong>presente<\/strong>, que esteja <strong>ao lado das pessoas<\/strong>, que ou\u00e7a, que <strong>resolva<\/strong> e que d\u00ea <strong>respostas reais<\/strong> \u00e0s necessidades do dia a dia.<br \/>Acredito que <strong>juntos<\/strong> podemos transformar a <strong>Gafanha da Nazar\u00e9<\/strong> num lugar ainda melhor para <strong>viver<\/strong>, <strong>trabalhar<\/strong> e <strong>sonhar<\/strong>.<\/p><p>A minha vida profissional ensinou-me o valor da <strong>proximidade<\/strong>, do <strong>respeito<\/strong> e da <strong>humanidade<\/strong>. O meu percurso em associa\u00e7\u00f5es locais mostrou-me a for\u00e7a da <strong>uni\u00e3o<\/strong> e do<strong> trabalho em equipa<\/strong>. A experi\u00eancia na <strong>Junta<\/strong> deu-me a certeza de que, quando h\u00e1 <strong>dedica\u00e7\u00e3o<\/strong> e <strong>vontade<\/strong>,<strong> tudo \u00e9 poss\u00edvel<\/strong>.<\/p><p>Quero ser <strong>um presidente de todos<\/strong>, sem exce\u00e7\u00e3o. Um presidente que <strong>escuta<\/strong>, que <strong>dialoga<\/strong> e que <strong>faz<\/strong>. Com <strong>humildade, proximidade<\/strong> e<strong> determina\u00e7\u00e3o.<\/strong><\/p><p>N\u00e3o estou sozinho: comigo est\u00e1 uma equipa que ama esta terra e que, todos os dias, prova o seu<strong> dinamismo, dedica\u00e7\u00e3o e esp\u00edrito de servi\u00e7o.<\/strong><\/p><p>Com <strong>uni\u00e3o, trabalho e confian\u00e7a<\/strong>, vamos construir uma <strong>Gafanha da Nazar\u00e9 mais forte, mais pr\u00f3xima e mais viva.<\/strong><\/p><p>Acredito que, <strong>juntos<\/strong>, vamos <strong>fazer hist\u00f3ria.<\/strong><\/p><p><strong>Conto com todos!<\/strong><\/p>\t\t\t\t\t\t<\/div>\n\t\t\t\t<\/div>\n\t\t\t\t<div class=\"elementor-element elementor-element-ad778b2 elementor-widget elementor-widget-heading\" data-id=\"ad778b2\" data-element_type=\"widget\" data-widget_type=\"heading.default\">\n\t\t\t\t<div class=\"elementor-widget-container\">\n\t\t\t<h2 class=\"elementor-heading-title elementor-size-default\">MANUEL TROVISCO<\/h2>\t\t<\/div>\n\t\t\t\t<\/div>\n\t\t\t\t<div class=\"elementor-element elementor-element-818e132 elementor-widget elementor-widget-heading\" data-id=\"818e132\" data-element_type=\"widget\" data-widget_type=\"heading.default\">\n\t\t\t\t<div class=\"elementor-widget-container\">\n\t\t\t<h3 class=\"elementor-heading-title elementor-size-default\">Candidato \u00e0 Junta de Freguesia da Gafanha da Nazar\u00e9<\/h3>\t\t<\/div>\n\t\t\t\t<\/div>\n\t\t\t\t\t<\/div>\n\t\t<\/div>\n\t\t\t\t<div class=\"elementor-column elementor-col-50 elementor-top-column elementor-element elementor-element-c7e1aee\" data-id=\"c7e1aee\" data-element_type=\"column\">\n\t\t\t<div class=\"elementor-widget-wrap elementor-element-populated\">\n\t\t\t\t\t\t\t\t<div class=\"elementor-element elementor-element-c7622f6 elementor-widget elementor-widget-heading\" data-id=\"c7622f6\" data-element_type=\"widget\" data-widget_type=\"heading.default\">\n\t\t\t\t<div class=\"elementor-widget-container\">\n\t\t\t<h3 class=\"elementor-heading-title elementor-size-default\">Lista de candidatos<\/h3>\t\t<\/div>\n\t\t\t\t<\/div>\n\t\t\t\t<div class=\"elementor-element elementor-element-db86a0e table-candidatos elementor-widget elementor-widget-text-editor\" data-id=\"db86a0e\" data-element_type=\"widget\" data-widget_type=\"text-editor.default\">\n\t\t\t\t<div class=\"elementor-widget-container\">\n\t\t\t\t\t\t\t\t<table>\n<tbody>\n<tr>\n<td width=\"66\"><strong>\u00a0<\/strong><\/td>\n<td width=\"416\"><strong>Efetivos<\/strong><\/td>\n<\/tr>\n<tr>\n<td width=\"66\"><strong>1<\/strong><\/td>\n<td width=\"416\">Manuel Ant\u00f3nio Ces\u00e1rio Trovisco<\/td>\n<\/tr>\n<tr>\n<td width=\"66\"><strong>2<\/strong><\/td>\n<td width=\"416\">Ant\u00f3nio Jorge Ferreira Ribeiro<\/td>\n<\/tr>\n<tr>\n<td width=\"66\"><strong>3<\/strong><\/td>\n<td width=\"416\">Sandra Paula Ferreira da Cruz<\/td>\n<\/tr>\n<tr>\n<td width=\"66\"><strong>4<\/strong><\/td>\n<td width=\"416\">Carlos Alberto Ribau da Silva<\/td>\n<\/tr>\n<tr>\n<td width=\"66\"><strong>5<\/strong><\/td>\n<td width=\"416\">Ana Filipa das Neves Martins de Sousa<\/td>\n<\/tr>\n<tr>\n<td width=\"66\"><strong>6<\/strong><\/td>\n<td width=\"416\">Nuno Miguel da Silva Fidalgo Cravo<\/td>\n<\/tr>\n<tr>\n<td width=\"66\"><strong>7<\/strong><\/td>\n<td width=\"416\">Catarina Teixeira Alves<\/td>\n<\/tr>\n<tr>\n<td width=\"66\"><strong>8<\/strong><\/td>\n<td width=\"416\">Marco Ant\u00f3nio de Oliveira Soares<\/td>\n<\/tr>\n<tr>\n<td width=\"66\"><strong>9<\/strong><\/td>\n<td width=\"416\">Carla Margarida Miranda Diniz<\/td>\n<\/tr>\n<tr>\n<td width=\"66\"><strong>10<\/strong><\/td>\n<td width=\"416\">Carlos Alberto Gon\u00e7alves Maio<\/td>\n<\/tr>\n<tr>\n<td width=\"66\"><strong>11<\/strong><\/td>\n<td width=\"416\">Diogo Leigo Teixeira<\/td>\n<\/tr>\n<tr>\n<td width=\"66\"><strong>12<\/strong><\/td>\n<td width=\"416\">Bruna de Jesus Peixoto<\/td>\n<\/tr>\n<tr>\n<td width=\"66\"><strong>13<\/strong><\/td>\n<td width=\"416\">Lu\u00eds Miguel Soares Mar\u00e7al<\/td>\n<\/tr>\n<tr>\n<td width=\"66\"><strong>\u00a0<\/strong><\/td>\n<td width=\"416\"><strong>Suplentes<\/strong><\/td>\n<\/tr>\n<tr>\n<td width=\"66\"><strong>14<\/strong><\/td>\n<td width=\"416\">Jo\u00e3o Alberto Salvador Ferreira<\/td>\n<\/tr>\n<tr>\n<td width=\"66\"><strong>15<\/strong><\/td>\n<td width=\"416\">Rita Sofia Mergulh\u00e3o Pires Vaz<\/td>\n<\/tr>\n<tr>\n<td width=\"66\"><strong>16<\/strong><\/td>\n<td width=\"416\">Bruno Martins Vilarinho<\/td>\n<\/tr>\n<tr>\n<td width=\"66\"><strong>17<\/strong><\/td>\n<td width=\"416\">Hugo Francisco Nunes Ri\u00e7o<\/td>\n<\/tr>\n<tr>\n<td width=\"66\"><strong>18<\/strong><\/td>\n<td width=\"416\">Catarina Afonso Pacheco<\/td>\n<\/tr>\n<tr>\n<td width=\"66\"><strong>19<\/strong><\/td>\n<td width=\"416\">Jo\u00e3o Pedro Vilarinho Marques<\/td>\n<\/tr>\n<tr>\n<td width=\"66\"><strong>20<\/strong><\/td>\n<td width=\"416\">Jos\u00e9 Manuel Fernandes de Freitas<\/td>\n<\/tr>\n<tr>\n<td width=\"66\"><strong>21<\/strong><\/td>\n<td width=\"416\">Sandra Sarabando Filipe<\/td>\n<\/tr>\n<tr>\n<td width=\"66\"><strong>22<\/strong><\/td>\n<td width=\"416\">Jos\u00e9 Emanuel Quinteles Pereira<\/td>\n<\/tr>\n<tr>\n<td width=\"66\"><strong>23<\/strong><\/td>\n<td width=\"416\">Maria Santos Soares<\/td>\n<\/tr>\n<tr>\n<td width=\"66\"><strong>24<\/strong><\/td>\n<td width=\"416\">Mariana Bola Moreira<\/td>\n<\/tr>\n<tr>\n<td width=\"66\"><strong>25<\/strong><\/td>\n<td width=\"416\">Jorge Miguel Gamelas M\u00f3nica Modesto<\/td>\n<\/tr>\n<tr>\n<td width=\"66\"><strong>26<\/strong><\/td>\n<td width=\"416\">J\u00e9nifer Sousa Figueiras<\/td>\n<\/tr>\n<\/tbody>\n<\/table>\t\t\t\t\t\t<\/div>\n\t\t\t\t<\/div>\n\t\t\t\t<div class=\"elementor-element elementor-element-62d4cf7 elementor-align-center elementor-mobile-align-left elementor-hidden-desktop elementor-hidden-tablet elementor-hidden-phone elementor-widget elementor-widget-button\" data-id=\"62d4cf7\" data-element_type=\"widget\" data-widget_type=\"button.default\">\n\t\t\t\t<div class=\"elementor-widget-container\">\n\t\t\t\t\t<div class=\"elementor-button-wrapper\">\n\t\t\t<a href=\"https:\/\/unirparafazer.pt\/wp-content\/uploads\/2025\/08\/Lista_Candidatos_Gafanha_Nazare.pdf\" target=\"_blank\" class=\"elementor-button-link elementor-button elementor-size-md\" role=\"button\">\n\t\t\t\t\t\t<span class=\"elementor-button-content-wrapper\">\n\t\t\t\t\t\t<span class=\"elementor-button-icon elementor-align-icon-left\">\n\t\t\t\t<i aria-hidden=\"true\" class=\"far fa-file-pdf\"><\/i>\t\t\t<\/span>\n\t\t\t\t\t\t<span class=\"elementor-button-text\">Lista de Candidatos<\/span>\n\t\t<\/span>\n\t\t\t\t\t<\/a>\n\t\t<\/div>\n\t\t\t\t<\/div>\n\t\t\t\t<\/div>\n\t\t\t\t\t<\/div>\n\t\t<\/div>\n\t\t\t\t\t\t\t<\/div>\n\t\t<\/section>\n\t\t\t\t\t\t<\/div>\n\t\t\t\t\t<\/div>\n\t\t","protected":false},"excerpt":{"rendered":"<p>CANDIDATOS MANUEL TROVISCO Junta de Freguesia da Gafanha da Nazar\u00e9 Manuel Trovisco, 35 anos, vive na Gafanha da Nazar\u00e9 e \u00e9 agente funer\u00e1rio. Com uma vasta experi\u00eancia associativa, \u00e9 Presidente da Associa\u00e7\u00e3o dos Amigos da Praia da Barra e membro diretivo do Grupo Desportivo da Gafanha, do Grupo de Jovens da Praia da Barra e &hellip;<\/p>\n<p class=\"read-more\"> <a class=\"\" href=\"https:\/\/unirparafazer.pt\/index.php\/manuel_trovisco\/\"> <span class=\"screen-reader-text\">Manuel Trovisco<\/span> Read More &raquo;<\/a><\/p>\n","protected":false},"author":1,"featured_media":0,"parent":0,"menu_order":0,"comment_status":"closed","ping_status":"closed","template":"elementor_canvas","meta":{"footnotes":""},"class_list":["post-678","page","type-page","status-publish","hentry"],"_links":{"self":[{"href":"https:\/\/unirparafazer.pt\/index.php\/wp-json\/wp\/v2\/pages\/678","targetHints":{"allow":["GET"]}}],"collection":[{"href":"https:\/\/unirparafazer.pt\/index.php\/wp-json\/wp\/v2\/pages"}],"about":[{"href":"https:\/\/unirparafazer.pt\/index.php\/wp-json\/wp\/v2\/types\/page"}],"author":[{"embeddable":true,"href":"https:\/\/unirparafazer.pt\/index.php\/wp-json\/wp\/v2\/users\/1"}],"replies":[{"embeddable":true,"href":"https:\/\/unirparafazer.pt\/index.php\/wp-json\/wp\/v2\/comments?post=678"}],"version-history":[{"count":13,"href":"https:\/\/unirparafazer.pt\/index.php\/wp-json\/wp\/v2\/pages\/678\/revisions"}],"predecessor-version":[{"id":812,"href":"https:\/\/unirparafazer.pt\/index.php\/wp-json\/wp\/v2\/pages\/678\/revisions\/812"}],"wp:attachment":[{"href":"https:\/\/unirparafazer.pt\/index.php\/wp-json\/wp\/v2\/media?parent=678"}],"curies":[{"name":"wp","href":"https:\/\/api.w.org\/{rel}","templated":true}]}}