{"id":685,"date":"2025-08-21T11:57:06","date_gmt":"2025-08-21T11:57:06","guid":{"rendered":"https:\/\/unirparafazer.pt\/?page_id=685"},"modified":"2025-08-21T16:06:50","modified_gmt":"2025-08-21T16:06:50","slug":"joao_braga","status":"publish","type":"page","link":"https:\/\/unirparafazer.pt\/index.php\/joao_braga\/","title":{"rendered":"Jo\u00e3o Braga"},"content":{"rendered":"\t\t<div data-elementor-type=\"wp-page\" data-elementor-id=\"685\" class=\"elementor elementor-685\" data-elementor-settings=\"[]\">\n\t\t\t\t\t\t\t<div class=\"elementor-section-wrap\">\n\t\t\t\t\t\t\t<section class=\"elementor-section elementor-top-section elementor-element elementor-element-6fe8ecc elementor-section-height-min-height elementor-section-boxed elementor-section-height-default elementor-section-items-middle\" data-id=\"6fe8ecc\" data-element_type=\"section\" data-settings=\"{&quot;background_background&quot;:&quot;classic&quot;}\">\n\t\t\t\t\t\t<div class=\"elementor-container elementor-column-gap-default\">\n\t\t\t\t\t<div class=\"elementor-column elementor-col-50 elementor-top-column elementor-element elementor-element-d5c1401\" data-id=\"d5c1401\" data-element_type=\"column\">\n\t\t\t<div class=\"elementor-widget-wrap elementor-element-populated\">\n\t\t\t\t\t\t\t\t<div class=\"elementor-element elementor-element-746dd9a elementor-widget elementor-widget-image\" data-id=\"746dd9a\" data-element_type=\"widget\" data-widget_type=\"image.default\">\n\t\t\t\t<div class=\"elementor-widget-container\">\n\t\t\t\t\t\t\t\t\t\t\t\t\t\t\t\t<a href=\"\/\">\n\t\t\t\t\t\t\t<img loading=\"lazy\" decoding=\"async\" width=\"1024\" height=\"460\" src=\"https:\/\/unirparafazer.pt\/wp-content\/uploads\/2021\/04\/cropped-logo_final_upf-03-scaled-1024x460.png\" class=\"attachment-large size-large\" alt=\"\" srcset=\"https:\/\/unirparafazer.pt\/wp-content\/uploads\/2021\/04\/cropped-logo_final_upf-03-scaled-1024x460.png 1024w, https:\/\/unirparafazer.pt\/wp-content\/uploads\/2021\/04\/cropped-logo_final_upf-03-scaled-300x135.png 300w, https:\/\/unirparafazer.pt\/wp-content\/uploads\/2021\/04\/cropped-logo_final_upf-03-scaled-768x345.png 768w, https:\/\/unirparafazer.pt\/wp-content\/uploads\/2021\/04\/cropped-logo_final_upf-03-scaled-1536x689.png 1536w, https:\/\/unirparafazer.pt\/wp-content\/uploads\/2021\/04\/cropped-logo_final_upf-03-scaled-2048x919.png 2048w, https:\/\/unirparafazer.pt\/wp-content\/uploads\/2021\/04\/cropped-logo_final_upf-03-scaled-175x79.png 175w\" sizes=\"auto, (max-width: 1024px) 100vw, 1024px\" \/>\t\t\t\t\t\t\t\t<\/a>\n\t\t\t\t\t\t\t\t\t\t\t\t\t\t\t<\/div>\n\t\t\t\t<\/div>\n\t\t\t\t<section class=\"elementor-section elementor-inner-section elementor-element elementor-element-ca7214e elementor-section-full_width elementor-section-height-default elementor-section-height-default\" data-id=\"ca7214e\" data-element_type=\"section\">\n\t\t\t\t\t\t<div class=\"elementor-container elementor-column-gap-extended\">\n\t\t\t\t\t<div class=\"elementor-column elementor-col-50 elementor-inner-column elementor-element elementor-element-bbd5cd4\" data-id=\"bbd5cd4\" data-element_type=\"column\">\n\t\t\t<div class=\"elementor-widget-wrap elementor-element-populated\">\n\t\t\t\t\t\t\t\t<div class=\"elementor-element elementor-element-0aaa376 elementor-hidden-phone elementor-view-default elementor-widget elementor-widget-icon\" data-id=\"0aaa376\" data-element_type=\"widget\" data-widget_type=\"icon.default\">\n\t\t\t\t<div class=\"elementor-widget-container\">\n\t\t\t\t\t<div class=\"elementor-icon-wrapper\">\n\t\t\t<a class=\"elementor-icon\" href=\"\/index.php\">\n\t\t\t<i aria-hidden=\"true\" class=\"fas fa-home\"><\/i>\t\t\t<\/a>\n\t\t<\/div>\n\t\t\t\t<\/div>\n\t\t\t\t<\/div>\n\t\t\t\t\t<\/div>\n\t\t<\/div>\n\t\t\t\t<div class=\"elementor-column elementor-col-50 elementor-inner-column elementor-element elementor-element-d26038d\" data-id=\"d26038d\" data-element_type=\"column\">\n\t\t\t<div class=\"elementor-widget-wrap elementor-element-populated\">\n\t\t\t\t\t\t\t\t<div class=\"elementor-element elementor-element-8e4274b elementor-widget elementor-widget-heading\" data-id=\"8e4274b\" data-element_type=\"widget\" data-widget_type=\"heading.default\">\n\t\t\t\t<div class=\"elementor-widget-container\">\n\t\t\t<h2 class=\"elementor-heading-title elementor-size-default\">CANDIDATOS<\/h2>\t\t<\/div>\n\t\t\t\t<\/div>\n\t\t\t\t\t<\/div>\n\t\t<\/div>\n\t\t\t\t\t\t\t<\/div>\n\t\t<\/section>\n\t\t\t\t<div class=\"elementor-element elementor-element-82d3d24 elementor-widget elementor-widget-image\" data-id=\"82d3d24\" data-element_type=\"widget\" data-widget_type=\"image.default\">\n\t\t\t\t<div class=\"elementor-widget-container\">\n\t\t\t\t\t\t\t\t\t\t\t\t\t\t\t<img loading=\"lazy\" decoding=\"async\" width=\"1024\" height=\"1024\" src=\"https:\/\/unirparafazer.pt\/wp-content\/uploads\/2025\/06\/2025-Joao-Braga-1024x1024.webp\" class=\"attachment-large size-large\" alt=\"\" srcset=\"https:\/\/unirparafazer.pt\/wp-content\/uploads\/2025\/06\/2025-Joao-Braga-1024x1024.webp 1024w, https:\/\/unirparafazer.pt\/wp-content\/uploads\/2025\/06\/2025-Joao-Braga-300x300.webp 300w, https:\/\/unirparafazer.pt\/wp-content\/uploads\/2025\/06\/2025-Joao-Braga-150x150.webp 150w, https:\/\/unirparafazer.pt\/wp-content\/uploads\/2025\/06\/2025-Joao-Braga-768x768.webp 768w, https:\/\/unirparafazer.pt\/wp-content\/uploads\/2025\/06\/2025-Joao-Braga-1536x1536.webp 1536w, https:\/\/unirparafazer.pt\/wp-content\/uploads\/2025\/06\/2025-Joao-Braga.webp 1700w\" sizes=\"auto, (max-width: 1024px) 100vw, 1024px\" \/>\t\t\t\t\t\t\t\t\t\t\t\t\t\t\t<\/div>\n\t\t\t\t<\/div>\n\t\t\t\t<div class=\"elementor-element elementor-element-6f3dffe elementor-widget elementor-widget-heading\" data-id=\"6f3dffe\" data-element_type=\"widget\" data-widget_type=\"heading.default\">\n\t\t\t\t<div class=\"elementor-widget-container\">\n\t\t\t<h2 class=\"elementor-heading-title elementor-size-default\">JO\u00c3O BRAGA<\/h2>\t\t<\/div>\n\t\t\t\t<\/div>\n\t\t\t\t<div class=\"elementor-element elementor-element-52122e4 elementor-widget elementor-widget-heading\" data-id=\"52122e4\" data-element_type=\"widget\" data-widget_type=\"heading.default\">\n\t\t\t\t<div class=\"elementor-widget-container\">\n\t\t\t<h3 class=\"elementor-heading-title elementor-size-default\">Junta de Freguesia de S\u00e3o Salvador<\/h3>\t\t<\/div>\n\t\t\t\t<\/div>\n\t\t\t\t<div class=\"elementor-element elementor-element-4e9e38a elementor-widget elementor-widget-text-editor\" data-id=\"4e9e38a\" data-element_type=\"widget\" data-widget_type=\"text-editor.default\">\n\t\t\t\t<div class=\"elementor-widget-container\">\n\t\t\t\t\t\t\t\t<p>Jo\u00e3o Braga nasceu em S\u00e3o Salvador h\u00e1 45 anos. Desde outubro de 2021 \u00e9 Presidente da Junta de Freguesia de S\u00e3o Salvador. \u00c9 licenciado na \u00e1rea da Educa\u00e7\u00e3o, tem uma forte liga\u00e7\u00e3o a \u00cdlhavo, \u00e0 ria, ao desporto e, em particular, \u00e0 canoagem.<\/p>\t\t\t\t\t\t<\/div>\n\t\t\t\t<\/div>\n\t\t\t\t\t<\/div>\n\t\t<\/div>\n\t\t\t\t<div class=\"elementor-column elementor-col-50 elementor-top-column elementor-element elementor-element-9bd85fc\" data-id=\"9bd85fc\" data-element_type=\"column\">\n\t\t\t<div class=\"elementor-widget-wrap\">\n\t\t\t\t\t\t\t\t\t<\/div>\n\t\t<\/div>\n\t\t\t\t\t\t\t<\/div>\n\t\t<\/section>\n\t\t\t\t<section class=\"elementor-section elementor-top-section elementor-element elementor-element-6c37f98 elementor-section-boxed elementor-section-height-default elementor-section-height-default\" data-id=\"6c37f98\" data-element_type=\"section\">\n\t\t\t\t\t\t<div class=\"elementor-container elementor-column-gap-default\">\n\t\t\t\t\t<div class=\"elementor-column elementor-col-50 elementor-top-column elementor-element elementor-element-5b61865\" data-id=\"5b61865\" data-element_type=\"column\">\n\t\t\t<div class=\"elementor-widget-wrap elementor-element-populated\">\n\t\t\t\t\t\t\t\t<div class=\"elementor-element elementor-element-b03fff3 elementor-widget elementor-widget-heading\" data-id=\"b03fff3\" data-element_type=\"widget\" data-widget_type=\"heading.default\">\n\t\t\t\t<div class=\"elementor-widget-container\">\n\t\t\t<h3 class=\"elementor-heading-title elementor-size-default\">CARO (A) ILHAVENSES,<\/h3>\t\t<\/div>\n\t\t\t\t<\/div>\n\t\t\t\t<div class=\"elementor-element elementor-element-0b121a1 elementor-widget elementor-widget-text-editor\" data-id=\"0b121a1\" data-element_type=\"widget\" data-widget_type=\"text-editor.default\">\n\t\t\t\t<div class=\"elementor-widget-container\">\n\t\t\t\t\t\t\t\t<p>\u00c9 com enorme\u00a0<strong>sentido de responsabilidade<\/strong>\u00a0e\u00a0<strong>orgulho<\/strong>\u00a0que apresento a minha\u00a0<strong>recandidatura<\/strong>\u00a0\u00e0\u00a0<strong>Junta de Freguesia de S\u00e3o Salvador<\/strong>, pelo Movimento de Cidad\u00e3os Eleitores Independentes &#8211; <strong>UNIR PARA FAZER<\/strong>.<\/p><p>A\u00a0<strong>confian\u00e7a<\/strong>\u00a0que me t\u00eam concedido ao longo destes \u00faltimos quatro anos refor\u00e7a a minha\u00a0<strong>vontade<\/strong>\u00a0de continuar a servir esta terra com\u00a0<strong>dedica\u00e7\u00e3o<\/strong>,\u00a0<strong>humildade<\/strong>,\u00a0<strong>proximidade<\/strong>\u00a0e\u00a0<strong>responsabilidade<\/strong>.<\/p><p>O trabalho realizado provou que,\u00a0<strong>juntos<\/strong>, conseguimos transformar\u00a0<strong>grandes desafios<\/strong>\u00a0em\u00a0<strong>grandes oportunidades<\/strong>.<\/p><p>Mas acredito que\u00a0<strong>ainda h\u00e1 muito mais a fazer<\/strong>. O\u00a0<strong>futuro<\/strong>\u00a0da nossa freguesia continua a construir-se com\u00a0<strong>portas abertas ao di\u00e1logo<\/strong>, procurando sempre\u00a0<strong>responder \u00e0s necessidades<\/strong>\u00a0de toda a\u00a0<strong>comunidade<\/strong>.<\/p><p>Assumo o\u00a0<strong>compromisso<\/strong>\u00a0de que,\u00a0<strong>juntos<\/strong>, continuaremos a investir na\u00a0<strong>qualidade de vida<\/strong>, na\u00a0<strong>promo\u00e7\u00e3o da cultura<\/strong>\u00a0e do\u00a0<strong>desporto<\/strong>, na\u00a0<strong>sustentabilidade ambiental<\/strong>\u00a0e no\u00a0<strong>apoio ao desenvolvimento econ\u00f3mico e social<\/strong>.<\/p><p>Queremos uma freguesia cada vez mais\u00a0<strong>valorizada<\/strong>, onde cada pessoa se sinta\u00a0<strong>parte ativa<\/strong>, sabendo que conta com uma\u00a0<strong>equipa din\u00e2mica<\/strong>,\u00a0<strong>respons\u00e1vel<\/strong>\u00a0e\u00a0<strong>preparada<\/strong>\u00a0para unidos, projetarmos uma freguesia\u00a0<strong>mais forte<\/strong>,\u00a0<strong>mais moderna<\/strong>\u00a0e\u00a0<strong>mais inclusiva<\/strong>.<\/p><p><strong>Juntos<\/strong>, vamos continuar a\u00a0<strong>elevar o nome de S\u00e3o Salvador<\/strong>\u00a0e a\u00a0<strong>construir o futuro<\/strong> que todos merecemos.<\/p><p><strong>Jo\u00e3o Braga <\/strong>| Candidato \u00e0 Junta de Freguesia de S\u00e3o Salvador<\/p>\t\t\t\t\t\t<\/div>\n\t\t\t\t<\/div>\n\t\t\t\t\t<\/div>\n\t\t<\/div>\n\t\t\t\t<div class=\"elementor-column elementor-col-50 elementor-top-column elementor-element elementor-element-c7e1aee\" data-id=\"c7e1aee\" data-element_type=\"column\">\n\t\t\t<div class=\"elementor-widget-wrap elementor-element-populated\">\n\t\t\t\t\t\t\t\t<div class=\"elementor-element elementor-element-bd3444f elementor-widget elementor-widget-heading\" data-id=\"bd3444f\" data-element_type=\"widget\" data-widget_type=\"heading.default\">\n\t\t\t\t<div class=\"elementor-widget-container\">\n\t\t\t<h3 class=\"elementor-heading-title elementor-size-default\">Lista de candidatos<\/h3>\t\t<\/div>\n\t\t\t\t<\/div>\n\t\t\t\t<div class=\"elementor-element elementor-element-b32c6f5 table-candidatos elementor-widget elementor-widget-text-editor\" data-id=\"b32c6f5\" data-element_type=\"widget\" data-widget_type=\"text-editor.default\">\n\t\t\t\t<div class=\"elementor-widget-container\">\n\t\t\t\t\t\t\t\t<table>\n<tbody>\n\n<tr>\n<td width=\"66\"><strong>1<\/strong><\/td>\n<td width=\"416\">Jo\u00e3o Eduardo Bonito Braga<\/td>\n<\/tr>\n<tr>\n<td width=\"66\"><strong>2<\/strong><\/td>\n<td width=\"416\">Ana Margarida S\u00e3o Marcos Pedreiro<\/td>\n<\/tr>\n<tr>\n<td width=\"66\"><strong>3<\/strong><\/td>\n<td width=\"416\">Jo\u00e3o Pedro Magano Basti\u00e3o<\/td>\n<\/tr>\n<tr>\n<td width=\"66\"><strong>4<\/strong><\/td>\n<td width=\"416\">Vanessa Raquel Rodrigues Marques<\/td>\n<\/tr>\n<tr>\n<td width=\"66\"><strong>5<\/strong><\/td>\n<td width=\"416\">Paulo Jorge Oliveira Magano<\/td>\n<\/tr>\n<tr>\n<td width=\"66\"><strong>6<\/strong><\/td>\n<td width=\"416\">M\u00e1rio Pedro Raposo dos Anjos<\/td>\n<\/tr>\n<tr>\n<td width=\"66\"><strong>7<\/strong><\/td>\n<td width=\"416\">Ana Lisa Gon\u00e7alves das Neves<\/td>\n<\/tr>\n<tr>\n<td width=\"66\"><strong>8<\/strong><\/td>\n<td width=\"416\">Carla Maria Gon\u00e7alves de Oliveira<\/td>\n<\/tr>\n<tr>\n<td width=\"66\"><strong>9<\/strong><\/td>\n<td width=\"416\">Jo\u00e3o Daniel Fradinho de Matos<\/td>\n<\/tr>\n<tr>\n<td width=\"66\"><strong>10<\/strong><\/td>\n<td width=\"416\">Ana Sofia Almeida e Silva<\/td>\n<\/tr>\n<tr>\n<td width=\"66\"><strong>11<\/strong><\/td>\n<td width=\"416\">Paulo Jos\u00e9 Branco Nunes<\/td>\n<\/tr>\n<tr>\n<td width=\"66\"><strong>12<\/strong><\/td>\n<td width=\"416\">Ana Rita da Concei\u00e7\u00e3o Rasoilo<\/td>\n<\/tr>\n<tr>\n<td width=\"66\"><strong>13<\/strong><\/td>\n<td width=\"416\">Paulo Jorge Tavares Neves<\/td>\n<\/tr>\n<tr>\n<td width=\"66\"><strong>14<\/strong><\/td>\n<td width=\"416\">Maria da Gra\u00e7a Alves Sim\u00f5es Faria<\/td>\n<\/tr>\n<tr>\n<td width=\"66\"><strong>15<\/strong><\/td>\n<td width=\"416\">Jo\u00e3o Miguel Martins Nunes<\/td>\n<\/tr>\n<tr>\n<td width=\"66\"><strong>16<\/strong><\/td>\n<td width=\"416\">Carolina Verdade Pinto Reis<\/td>\n<\/tr>\n<tr>\n<td width=\"66\"><strong>17<\/strong><\/td>\n<td width=\"416\">Cristina Maria Sousa Carvalho<\/td>\n<\/tr>\n<tr>\n<td width=\"66\"><strong>18<\/strong><\/td>\n<td width=\"416\">Nuno Filipe Pereira Aires<\/td>\n<\/tr>\n<tr>\n<td width=\"66\"><strong>19<\/strong><\/td>\n<td width=\"416\">Maria Manuela Nunes<\/td>\n<\/tr>\n<tr>\n<td width=\"66\"><strong>20<\/strong><\/td>\n<td width=\"416\">Elsa Benvinda Rodrigues Rocha<\/td>\n<\/tr>\n<tr>\n<td width=\"66\"><strong>21<\/strong><\/td>\n<td width=\"416\">Ant\u00f3nio Manuel Jesus Barbosa<\/td>\n<\/tr>\n<tr>\n<td width=\"66\"><strong>22<\/strong><\/td>\n<td width=\"416\">Joana Rita S\u00e3o Marcos Almeida<\/td>\n<\/tr>\n<tr>\n<td width=\"66\"><strong>23<\/strong><\/td>\n<td width=\"416\">Eug\u00e9nio Maia Cajeira<\/td>\n<\/tr>\n<tr>\n<td width=\"66\"><strong>24<\/strong><\/td>\n<td width=\"416\">Gra\u00e7a Maria Fernandes Lopes Torr\u00e3o<\/td>\n<\/tr>\n<tr>\n<td width=\"66\"><strong>25<\/strong><\/td>\n<td width=\"416\">Francisco Xavier Marnoto Ferreira<\/td>\n<\/tr>\n<tr>\n<td width=\"66\"><strong>26<\/strong><\/td>\n<td width=\"416\">Francisco Renato Arrais<\/td>\n<\/tr>\n<\/tbody>\n<\/table>\t\t\t\t\t\t<\/div>\n\t\t\t\t<\/div>\n\t\t\t\t<div class=\"elementor-element elementor-element-62d4cf7 elementor-align-center elementor-mobile-align-left elementor-hidden-desktop elementor-hidden-tablet elementor-hidden-phone elementor-widget elementor-widget-button\" data-id=\"62d4cf7\" data-element_type=\"widget\" data-widget_type=\"button.default\">\n\t\t\t\t<div class=\"elementor-widget-container\">\n\t\t\t\t\t<div class=\"elementor-button-wrapper\">\n\t\t\t<a href=\"https:\/\/unirparafazer.pt\/wp-content\/uploads\/2025\/08\/Lista_Candidatos_Sao_Salvador.pdf\" target=\"_blank\" class=\"elementor-button-link elementor-button elementor-size-md\" role=\"button\">\n\t\t\t\t\t\t<span class=\"elementor-button-content-wrapper\">\n\t\t\t\t\t\t<span class=\"elementor-button-icon elementor-align-icon-left\">\n\t\t\t\t<i aria-hidden=\"true\" class=\"far fa-file-pdf\"><\/i>\t\t\t<\/span>\n\t\t\t\t\t\t<span class=\"elementor-button-text\">Lista de Candidatos<\/span>\n\t\t<\/span>\n\t\t\t\t\t<\/a>\n\t\t<\/div>\n\t\t\t\t<\/div>\n\t\t\t\t<\/div>\n\t\t\t\t\t<\/div>\n\t\t<\/div>\n\t\t\t\t\t\t\t<\/div>\n\t\t<\/section>\n\t\t\t\t\t\t<\/div>\n\t\t\t\t\t<\/div>\n\t\t","protected":false},"excerpt":{"rendered":"<p>CANDIDATOS JO\u00c3O BRAGA Junta de Freguesia de S\u00e3o Salvador Jo\u00e3o Braga nasceu em S\u00e3o Salvador h\u00e1 45 anos. Desde outubro de 2021 \u00e9 Presidente da Junta de Freguesia de S\u00e3o Salvador. \u00c9 licenciado na \u00e1rea da Educa\u00e7\u00e3o, tem uma forte liga\u00e7\u00e3o a \u00cdlhavo, \u00e0 ria, ao desporto e, em particular, \u00e0 canoagem. CARO (A) ILHAVENSES, &hellip;<\/p>\n<p class=\"read-more\"> <a class=\"\" href=\"https:\/\/unirparafazer.pt\/index.php\/joao_braga\/\"> <span class=\"screen-reader-text\">Jo\u00e3o Braga<\/span> Read More &raquo;<\/a><\/p>\n","protected":false},"author":1,"featured_media":0,"parent":0,"menu_order":0,"comment_status":"closed","ping_status":"closed","template":"elementor_canvas","meta":{"footnotes":""},"class_list":["post-685","page","type-page","status-publish","hentry"],"_links":{"self":[{"href":"https:\/\/unirparafazer.pt\/index.php\/wp-json\/wp\/v2\/pages\/685","targetHints":{"allow":["GET"]}}],"collection":[{"href":"https:\/\/unirparafazer.pt\/index.php\/wp-json\/wp\/v2\/pages"}],"about":[{"href":"https:\/\/unirparafazer.pt\/index.php\/wp-json\/wp\/v2\/types\/page"}],"author":[{"embeddable":true,"href":"https:\/\/unirparafazer.pt\/index.php\/wp-json\/wp\/v2\/users\/1"}],"replies":[{"embeddable":true,"href":"https:\/\/unirparafazer.pt\/index.php\/wp-json\/wp\/v2\/comments?post=685"}],"version-history":[{"count":13,"href":"https:\/\/unirparafazer.pt\/index.php\/wp-json\/wp\/v2\/pages\/685\/revisions"}],"predecessor-version":[{"id":818,"href":"https:\/\/unirparafazer.pt\/index.php\/wp-json\/wp\/v2\/pages\/685\/revisions\/818"}],"wp:attachment":[{"href":"https:\/\/unirparafazer.pt\/index.php\/wp-json\/wp\/v2\/media?parent=685"}],"curies":[{"name":"wp","href":"https:\/\/api.w.org\/{rel}","templated":true}]}}