{"id":693,"date":"2025-08-21T11:59:47","date_gmt":"2025-08-21T11:59:47","guid":{"rendered":"https:\/\/unirparafazer.pt\/?page_id=693"},"modified":"2025-08-21T16:06:47","modified_gmt":"2025-08-21T16:06:47","slug":"mario_julio_ramos","status":"publish","type":"page","link":"https:\/\/unirparafazer.pt\/index.php\/mario_julio_ramos\/","title":{"rendered":"M\u00e1rio J\u00falio Ramos"},"content":{"rendered":"\t\t<div data-elementor-type=\"wp-page\" data-elementor-id=\"693\" class=\"elementor elementor-693\" data-elementor-settings=\"[]\">\n\t\t\t\t\t\t\t<div class=\"elementor-section-wrap\">\n\t\t\t\t\t\t\t<section class=\"elementor-section elementor-top-section elementor-element elementor-element-6fe8ecc elementor-section-height-min-height elementor-section-boxed elementor-section-height-default elementor-section-items-middle\" data-id=\"6fe8ecc\" data-element_type=\"section\" data-settings=\"{&quot;background_background&quot;:&quot;classic&quot;}\">\n\t\t\t\t\t\t<div class=\"elementor-container elementor-column-gap-default\">\n\t\t\t\t\t<div class=\"elementor-column elementor-col-50 elementor-top-column elementor-element elementor-element-d5c1401\" data-id=\"d5c1401\" data-element_type=\"column\">\n\t\t\t<div class=\"elementor-widget-wrap elementor-element-populated\">\n\t\t\t\t\t\t\t\t<div class=\"elementor-element elementor-element-f8d525e elementor-widget elementor-widget-image\" data-id=\"f8d525e\" data-element_type=\"widget\" data-widget_type=\"image.default\">\n\t\t\t\t<div class=\"elementor-widget-container\">\n\t\t\t\t\t\t\t\t\t\t\t\t\t\t\t\t<a href=\"\/\">\n\t\t\t\t\t\t\t<img loading=\"lazy\" decoding=\"async\" width=\"1024\" height=\"460\" src=\"https:\/\/unirparafazer.pt\/wp-content\/uploads\/2021\/04\/cropped-logo_final_upf-03-scaled-1024x460.png\" class=\"attachment-large size-large\" alt=\"\" srcset=\"https:\/\/unirparafazer.pt\/wp-content\/uploads\/2021\/04\/cropped-logo_final_upf-03-scaled-1024x460.png 1024w, https:\/\/unirparafazer.pt\/wp-content\/uploads\/2021\/04\/cropped-logo_final_upf-03-scaled-300x135.png 300w, https:\/\/unirparafazer.pt\/wp-content\/uploads\/2021\/04\/cropped-logo_final_upf-03-scaled-768x345.png 768w, https:\/\/unirparafazer.pt\/wp-content\/uploads\/2021\/04\/cropped-logo_final_upf-03-scaled-1536x689.png 1536w, https:\/\/unirparafazer.pt\/wp-content\/uploads\/2021\/04\/cropped-logo_final_upf-03-scaled-2048x919.png 2048w, https:\/\/unirparafazer.pt\/wp-content\/uploads\/2021\/04\/cropped-logo_final_upf-03-scaled-175x79.png 175w\" sizes=\"auto, (max-width: 1024px) 100vw, 1024px\" \/>\t\t\t\t\t\t\t\t<\/a>\n\t\t\t\t\t\t\t\t\t\t\t\t\t\t\t<\/div>\n\t\t\t\t<\/div>\n\t\t\t\t<section class=\"elementor-section elementor-inner-section elementor-element elementor-element-ca7214e elementor-section-full_width elementor-section-height-default elementor-section-height-default\" data-id=\"ca7214e\" data-element_type=\"section\">\n\t\t\t\t\t\t<div class=\"elementor-container elementor-column-gap-extended\">\n\t\t\t\t\t<div class=\"elementor-column elementor-col-50 elementor-inner-column elementor-element elementor-element-bbd5cd4\" data-id=\"bbd5cd4\" data-element_type=\"column\">\n\t\t\t<div class=\"elementor-widget-wrap elementor-element-populated\">\n\t\t\t\t\t\t\t\t<div class=\"elementor-element elementor-element-06c4bee elementor-hidden-phone elementor-view-default elementor-widget elementor-widget-icon\" data-id=\"06c4bee\" data-element_type=\"widget\" data-widget_type=\"icon.default\">\n\t\t\t\t<div class=\"elementor-widget-container\">\n\t\t\t\t\t<div class=\"elementor-icon-wrapper\">\n\t\t\t<a class=\"elementor-icon\" href=\"\/index.php\">\n\t\t\t<i aria-hidden=\"true\" class=\"fas fa-home\"><\/i>\t\t\t<\/a>\n\t\t<\/div>\n\t\t\t\t<\/div>\n\t\t\t\t<\/div>\n\t\t\t\t\t<\/div>\n\t\t<\/div>\n\t\t\t\t<div class=\"elementor-column elementor-col-50 elementor-inner-column elementor-element elementor-element-d26038d\" data-id=\"d26038d\" data-element_type=\"column\">\n\t\t\t<div class=\"elementor-widget-wrap elementor-element-populated\">\n\t\t\t\t\t\t\t\t<div class=\"elementor-element elementor-element-8e4274b elementor-widget elementor-widget-heading\" data-id=\"8e4274b\" data-element_type=\"widget\" data-widget_type=\"heading.default\">\n\t\t\t\t<div class=\"elementor-widget-container\">\n\t\t\t<h2 class=\"elementor-heading-title elementor-size-default\">CANDIDATOS<\/h2>\t\t<\/div>\n\t\t\t\t<\/div>\n\t\t\t\t\t<\/div>\n\t\t<\/div>\n\t\t\t\t\t\t\t<\/div>\n\t\t<\/section>\n\t\t\t\t<div class=\"elementor-element elementor-element-82d3d24 elementor-widget elementor-widget-image\" data-id=\"82d3d24\" data-element_type=\"widget\" data-widget_type=\"image.default\">\n\t\t\t\t<div class=\"elementor-widget-container\">\n\t\t\t\t\t\t\t\t\t\t\t\t\t\t\t<img loading=\"lazy\" decoding=\"async\" width=\"1024\" height=\"1024\" src=\"https:\/\/unirparafazer.pt\/wp-content\/uploads\/2025\/06\/2025-mario-ramos-1024x1024.webp\" class=\"attachment-large size-large\" alt=\"\" srcset=\"https:\/\/unirparafazer.pt\/wp-content\/uploads\/2025\/06\/2025-mario-ramos-1024x1024.webp 1024w, https:\/\/unirparafazer.pt\/wp-content\/uploads\/2025\/06\/2025-mario-ramos-300x300.webp 300w, https:\/\/unirparafazer.pt\/wp-content\/uploads\/2025\/06\/2025-mario-ramos-150x150.webp 150w, https:\/\/unirparafazer.pt\/wp-content\/uploads\/2025\/06\/2025-mario-ramos-768x768.webp 768w, https:\/\/unirparafazer.pt\/wp-content\/uploads\/2025\/06\/2025-mario-ramos-1536x1536.webp 1536w, https:\/\/unirparafazer.pt\/wp-content\/uploads\/2025\/06\/2025-mario-ramos.webp 1700w\" sizes=\"auto, (max-width: 1024px) 100vw, 1024px\" \/>\t\t\t\t\t\t\t\t\t\t\t\t\t\t\t<\/div>\n\t\t\t\t<\/div>\n\t\t\t\t<div class=\"elementor-element elementor-element-6f3dffe elementor-widget elementor-widget-heading\" data-id=\"6f3dffe\" data-element_type=\"widget\" data-widget_type=\"heading.default\">\n\t\t\t\t<div class=\"elementor-widget-container\">\n\t\t\t<h2 class=\"elementor-heading-title elementor-size-default\">M\u00c1RIO J\u00daLIO RAMOS<\/h2>\t\t<\/div>\n\t\t\t\t<\/div>\n\t\t\t\t<div class=\"elementor-element elementor-element-52122e4 elementor-widget elementor-widget-heading\" data-id=\"52122e4\" data-element_type=\"widget\" data-widget_type=\"heading.default\">\n\t\t\t\t<div class=\"elementor-widget-container\">\n\t\t\t<h3 class=\"elementor-heading-title elementor-size-default\">Junta de Freguesia da Gafanha da Encarna\u00e7\u00e3o<\/h3>\t\t<\/div>\n\t\t\t\t<\/div>\n\t\t\t\t<div class=\"elementor-element elementor-element-4e9e38a elementor-widget elementor-widget-text-editor\" data-id=\"4e9e38a\" data-element_type=\"widget\" data-widget_type=\"text-editor.default\">\n\t\t\t\t<div class=\"elementor-widget-container\">\n\t\t\t\t\t\t\t\t<p>M\u00e1rio J\u00falio Ramos, 59 anos, reside na Gafanha da Encarna\u00e7\u00e3o. \u00c9 licenciado em Matem\u00e1tica e iniciou a sua carreira como professor. \u00c9 p\u00f3s-graduado em Implementa\u00e7\u00e3o e Gest\u00e3o de Sistemas de Seguran\u00e7a e Sa\u00fade no Trabalho, exercendo as fun\u00e7\u00f5es de T\u00e9cnico Superior de Seguran\u00e7a e Sa\u00fade no Trabalho e Formador. Com uma forte liga\u00e7\u00e3o \u00e0 vida comunit\u00e1ria e associativa, colaborou com o NEGE, o Grupo Desportivo da Gafanha e o Conselho Econ\u00f3mico e Pastoral da Par\u00f3quia da Gafanha da Encarna\u00e7\u00e3o. Foi vogal e presidente da Assembleia de Freguesia da Gafanha da Nazar\u00e9, integrou a Assembleia Intermunicipal da Comunidade Intermunicipal da Regi\u00e3o de Aveiro e foi vogal da Assembleia Municipal de \u00cdlhavo.<\/p>\t\t\t\t\t\t<\/div>\n\t\t\t\t<\/div>\n\t\t\t\t\t<\/div>\n\t\t<\/div>\n\t\t\t\t<div class=\"elementor-column elementor-col-50 elementor-top-column elementor-element elementor-element-9bd85fc\" data-id=\"9bd85fc\" data-element_type=\"column\">\n\t\t\t<div class=\"elementor-widget-wrap\">\n\t\t\t\t\t\t\t\t\t<\/div>\n\t\t<\/div>\n\t\t\t\t\t\t\t<\/div>\n\t\t<\/section>\n\t\t\t\t<section class=\"elementor-section elementor-top-section elementor-element elementor-element-6c37f98 elementor-section-boxed elementor-section-height-default elementor-section-height-default\" data-id=\"6c37f98\" data-element_type=\"section\">\n\t\t\t\t\t\t<div class=\"elementor-container elementor-column-gap-default\">\n\t\t\t\t\t<div class=\"elementor-column elementor-col-50 elementor-top-column elementor-element elementor-element-5b61865\" data-id=\"5b61865\" data-element_type=\"column\">\n\t\t\t<div class=\"elementor-widget-wrap elementor-element-populated\">\n\t\t\t\t\t\t\t\t<div class=\"elementor-element elementor-element-b03fff3 elementor-widget elementor-widget-heading\" data-id=\"b03fff3\" data-element_type=\"widget\" data-widget_type=\"heading.default\">\n\t\t\t\t<div class=\"elementor-widget-container\">\n\t\t\t<h3 class=\"elementor-heading-title elementor-size-default\">Caro(a) amigo(a),<\/h3>\t\t<\/div>\n\t\t\t\t<\/div>\n\t\t\t\t<div class=\"elementor-element elementor-element-0b121a1 elementor-widget elementor-widget-text-editor\" data-id=\"0b121a1\" data-element_type=\"widget\" data-widget_type=\"text-editor.default\">\n\t\t\t\t<div class=\"elementor-widget-container\">\n\t\t\t\t\t\t\t\t<p>Apresento-me como <strong>candidato do<\/strong> <strong>Movimento<\/strong> de Cidad\u00e3os Eleitores Independentes<strong> UNIR PARA FAZER \u00e0 presid\u00eancia da Junta de Freguesia<\/strong>\u00a0da nossa querida\u00a0<strong>Gafanha da Encarna\u00e7\u00e3o<\/strong>. Aceitei esta miss\u00e3o porque conhe\u00e7o profundamente a\u00a0<strong>ambi\u00e7\u00e3o<\/strong>\u00a0da nossa popula\u00e7\u00e3o e acredito que o meu\u00a0<strong>percurso c\u00edvico, profissional e pol\u00edtico<\/strong>\u00a0\u00e9 a melhor garantia para a\u00a0<strong>mudan\u00e7a<\/strong>\u00a0que tanto esperamos e merecemos.<\/p><p>Os anos que dediquei ao\u00a0<strong>NEGE<\/strong>, onde presidi ao\u00a0<strong>Conselho Fiscal<\/strong>\u00a0e desempenhei outras fun\u00e7\u00f5es, assim como a colabora\u00e7\u00e3o com v\u00e1rias\u00a0<strong>institui\u00e7\u00f5es<\/strong>\u00a0e\u00a0<strong>organiza\u00e7\u00f5es<\/strong>\u00a0da nossa terra, permitiram-me conhecer a enorme\u00a0<strong>qualidade humana<\/strong>\u00a0da nossa comunidade. Ao mesmo tempo, mostraram-me as\u00a0<strong>dificuldades<\/strong>\u00a0enfrentadas por quem todos os dias trabalha em prol das\u00a0<strong>associa\u00e7\u00f5es<\/strong>\u00a0e de causas que servem apenas o\u00a0<strong>bem comum<\/strong>.<\/p><p>Acompanha-me uma\u00a0<strong>equipa<\/strong>\u00a0de\u00a0<strong>homens e mulheres<\/strong>\u00a0que unem a\u00a0<strong>experi\u00eancia<\/strong>\u00a0de vidas profissionais feitas de\u00a0<strong>trabalho s\u00e9rio e competente<\/strong>\u00a0\u00e0\u00a0<strong>energia<\/strong>\u00a0de\u00a0<strong>jovens ambiciosos<\/strong>\u00a0e profundamente\u00a0<strong>ligados \u00e0 sua terra<\/strong>. Esta foi a \u00fanica condi\u00e7\u00e3o para o convite que lhes fiz: n\u00e3o h\u00e1 lugar para\u00a0<strong>interesses pessoais<\/strong>,\u00a0<strong>grupos<\/strong>,\u00a0<strong>diret\u00f3rios partid\u00e1rios<\/strong>\u00a0ou qualquer outra agenda que n\u00e3o seja a da\u00a0<strong>nossa freguesia<\/strong>.<\/p><p>Da\u00a0<strong>Costa Nova<\/strong>\u00a0a todos os lugares da Freguesia, estaremos ao lado dos\u00a0<strong>pescadores<\/strong>,\u00a0<strong>mariscadores<\/strong>,\u00a0<strong>comerciantes<\/strong>\u00a0e\u00a0<strong>empres\u00e1rios<\/strong>\u00a0que acreditam que este \u00e9 o lugar certo para\u00a0<strong>viver<\/strong>,\u00a0<strong>trabalhar<\/strong>\u00a0e\u00a0<strong>concretizar projetos<\/strong>. A\u00a0<strong>atividade econ\u00f3mica<\/strong>\u00a0ser\u00e1 um dos grandes pilares do nosso\u00a0<strong>desenvolvimento<\/strong>, mas n\u00e3o esqueceremos a import\u00e2ncia de\u00a0<strong>preservar<\/strong>\u00a0a nossa\u00a0<strong>cultura<\/strong>\u00a0e\u00a0<strong>identidade comum<\/strong>, nem o compromisso de\u00a0<strong>apoiar<\/strong>\u00a0os\u00a0<strong>mais fr\u00e1geis<\/strong>\u00a0da nossa sociedade \u2014 desde os\u00a0<strong>mais pequenos<\/strong>\u00a0at\u00e9 aos\u00a0<strong>mais idosos<\/strong>\u00a0&#8211; com\u00a0<strong>aten\u00e7\u00e3o constante<\/strong>\u00a0e\u00a0<strong>a\u00e7\u00f5es concretas<\/strong>.<\/p><p>A\u00a0<strong>Gafanha da Encarna\u00e7\u00e3o<\/strong>\u00a0merece\u00a0<strong>ambi\u00e7\u00e3o renovada<\/strong>, um\u00a0<strong>novo rumo<\/strong>\u00a0e uma\u00a0<strong>lideran\u00e7a<\/strong>\u00a0capaz de\u00a0<strong>trabalhar<\/strong>\u00a0com e para a sua\u00a0<strong>popula\u00e7\u00e3o<\/strong>.\u00a0<\/p><p>Acredito que,\u00a0<strong>juntos<\/strong>, vamos\u00a0<strong>fazer hist\u00f3ria<\/strong>.<\/p><p><strong>Conto consigo!<\/strong><\/p>\t\t\t\t\t\t<\/div>\n\t\t\t\t<\/div>\n\t\t\t\t<div class=\"elementor-element elementor-element-ad778b2 elementor-widget elementor-widget-heading\" data-id=\"ad778b2\" data-element_type=\"widget\" data-widget_type=\"heading.default\">\n\t\t\t\t<div class=\"elementor-widget-container\">\n\t\t\t<h2 class=\"elementor-heading-title elementor-size-default\">M\u00e1rio J\u00falio Ramos<\/h2>\t\t<\/div>\n\t\t\t\t<\/div>\n\t\t\t\t<div class=\"elementor-element elementor-element-818e132 elementor-widget elementor-widget-heading\" data-id=\"818e132\" data-element_type=\"widget\" data-widget_type=\"heading.default\">\n\t\t\t\t<div class=\"elementor-widget-container\">\n\t\t\t<h3 class=\"elementor-heading-title elementor-size-default\">Candidato \u00e0 Junta de Freguesia da Gafanha da Encarna\u00e7\u00e3o\n<\/h3>\t\t<\/div>\n\t\t\t\t<\/div>\n\t\t\t\t\t<\/div>\n\t\t<\/div>\n\t\t\t\t<div class=\"elementor-column elementor-col-50 elementor-top-column elementor-element elementor-element-c7e1aee\" data-id=\"c7e1aee\" data-element_type=\"column\">\n\t\t\t<div class=\"elementor-widget-wrap elementor-element-populated\">\n\t\t\t\t\t\t\t\t<div class=\"elementor-element elementor-element-5fb6f3a elementor-widget elementor-widget-heading\" data-id=\"5fb6f3a\" data-element_type=\"widget\" data-widget_type=\"heading.default\">\n\t\t\t\t<div class=\"elementor-widget-container\">\n\t\t\t<h3 class=\"elementor-heading-title elementor-size-default\">Lista de candidatos<\/h3>\t\t<\/div>\n\t\t\t\t<\/div>\n\t\t\t\t<div class=\"elementor-element elementor-element-8acb954 table-candidatos elementor-widget elementor-widget-text-editor\" data-id=\"8acb954\" data-element_type=\"widget\" data-widget_type=\"text-editor.default\">\n\t\t\t\t<div class=\"elementor-widget-container\">\n\t\t\t\t\t\t\t\t<table>\n<tbody>\n\n<tr>\n<td width=\"66\"><strong>\u00a0<\/strong><\/td>\n<td width=\"416\"><strong>Efetivos<\/strong><\/td>\n<\/tr>\n<tr>\n<td width=\"66\"><strong>1<\/strong><\/td>\n<td width=\"416\">M\u00e1rio J\u00falio Ramos<\/td>\n<\/tr>\n<tr>\n<td width=\"66\"><strong>2<\/strong><\/td>\n<td width=\"416\">Jo\u00e3o Amantino Ca\u00e7oilo<\/td>\n<\/tr>\n<tr>\n<td width=\"66\"><strong>3<\/strong><\/td>\n<td width=\"416\">Luisa Vilarinho<\/td>\n<\/tr>\n<tr>\n<td width=\"66\"><strong>4<\/strong><\/td>\n<td width=\"416\">Alexandre Rodrigues<\/td>\n<\/tr>\n<tr>\n<td width=\"66\"><strong>5<\/strong><\/td>\n<td width=\"416\">Catarina Dinis<\/td>\n<\/tr>\n<tr>\n<td width=\"66\"><strong>6<\/strong><\/td>\n<td width=\"416\">Rog\u00e9rio Cardoso<\/td>\n<\/tr>\n<tr>\n<td width=\"66\"><strong>7<\/strong><\/td>\n<td width=\"416\">Emanuel Grilo<\/td>\n<\/tr>\n<tr>\n<td width=\"66\"><strong>8<\/strong><\/td>\n<td width=\"416\">Constan\u00e7a Santos<\/td>\n<\/tr>\n<tr>\n<td width=\"66\"><strong>9<\/strong><\/td>\n<td width=\"416\">Ant\u00f3nio Jo\u00e3o Fidalgo<\/td>\n<\/tr>\n<tr>\n<td width=\"66\"><strong>10<\/strong><\/td>\n<td width=\"416\">M\u00e1rio Viegas<\/td>\n<\/tr>\n<tr>\n<td width=\"66\"><strong>11<\/strong><\/td>\n<td width=\"416\">Marta Marujo<\/td>\n<\/tr>\n<tr>\n<td width=\"66\"><strong>12<\/strong><\/td>\n<td width=\"416\">Geraldo Cirineu<\/td>\n<\/tr>\n<tr>\n<td width=\"66\"><strong>13<\/strong><\/td>\n<td width=\"416\">Rosa Maria Fernandes<\/td>\n<\/tr>\n<tr>\n<td width=\"66\"><strong>\u00a0<\/strong><\/td>\n<td width=\"416\"><strong>Suplentes<\/strong><\/td>\n<\/tr>\n<tr>\n<td width=\"66\"><strong>14<\/strong><\/td>\n<td width=\"416\">Joana Vieira<\/td>\n<\/tr>\n<tr>\n<td width=\"66\"><strong>15<\/strong><\/td>\n<td width=\"416\">Lucas Ribeiro<\/td>\n<\/tr>\n<tr>\n<td width=\"66\"><strong>16<\/strong><\/td>\n<td width=\"416\">Leozene Ribau<\/td>\n<\/tr>\n<tr>\n<td width=\"66\"><strong>17<\/strong><\/td>\n<td width=\"416\">Jo\u00e3o Bola<\/td>\n<\/tr>\n<tr>\n<td width=\"66\"><strong>18<\/strong><\/td>\n<td width=\"416\">Micha G\u00f6bel<\/td>\n<\/tr>\n<tr>\n<td width=\"66\"><strong>19<\/strong><\/td>\n<td width=\"416\">Filipe Neno Vieira<\/td>\n<\/tr>\n<tr>\n<td width=\"66\"><strong>20<\/strong><\/td>\n<td width=\"416\">Ad\u00e9lia Vidreiro<\/td>\n<\/tr>\n<tr>\n<td width=\"66\"><strong>21<\/strong><\/td>\n<td width=\"416\">Fernanda Pereira<\/td>\n<\/tr>\n<tr>\n<td width=\"66\"><strong>22<\/strong><\/td>\n<td width=\"416\">Jo\u00e3o Paulo Santos<\/td>\n<\/tr>\n<tr>\n<td width=\"66\"><strong>23<\/strong><\/td>\n<td width=\"416\">Daniela Martinho<\/td>\n<\/tr>\n<tr>\n<td width=\"66\"><strong>24<\/strong><\/td>\n<td width=\"416\">S\u00edlvia Costa<\/td>\n<\/tr>\n<tr>\n<td width=\"66\"><strong>25<\/strong><\/td>\n<td width=\"416\">Lu\u00eds Ramos<\/td>\n<\/tr>\n<\/tbody>\n<\/table>\t\t\t\t\t\t<\/div>\n\t\t\t\t<\/div>\n\t\t\t\t<div class=\"elementor-element elementor-element-62d4cf7 elementor-align-center elementor-mobile-align-left elementor-hidden-desktop elementor-hidden-tablet elementor-hidden-phone elementor-widget elementor-widget-button\" data-id=\"62d4cf7\" data-element_type=\"widget\" data-widget_type=\"button.default\">\n\t\t\t\t<div class=\"elementor-widget-container\">\n\t\t\t\t\t<div class=\"elementor-button-wrapper\">\n\t\t\t<a href=\"https:\/\/unirparafazer.pt\/wp-content\/uploads\/2025\/08\/Lista_Candidatos_Gafanha_Encarnacao.pdf\" target=\"_blank\" class=\"elementor-button-link elementor-button elementor-size-md\" role=\"button\">\n\t\t\t\t\t\t<span class=\"elementor-button-content-wrapper\">\n\t\t\t\t\t\t<span class=\"elementor-button-icon elementor-align-icon-left\">\n\t\t\t\t<i aria-hidden=\"true\" class=\"far fa-file-pdf\"><\/i>\t\t\t<\/span>\n\t\t\t\t\t\t<span class=\"elementor-button-text\">Lista de Candidatos<\/span>\n\t\t<\/span>\n\t\t\t\t\t<\/a>\n\t\t<\/div>\n\t\t\t\t<\/div>\n\t\t\t\t<\/div>\n\t\t\t\t\t<\/div>\n\t\t<\/div>\n\t\t\t\t\t\t\t<\/div>\n\t\t<\/section>\n\t\t\t\t\t\t<\/div>\n\t\t\t\t\t<\/div>\n\t\t","protected":false},"excerpt":{"rendered":"<p>CANDIDATOS M\u00c1RIO J\u00daLIO RAMOS Junta de Freguesia da Gafanha da Encarna\u00e7\u00e3o M\u00e1rio J\u00falio Ramos, 59 anos, reside na Gafanha da Encarna\u00e7\u00e3o. \u00c9 licenciado em Matem\u00e1tica e iniciou a sua carreira como professor. \u00c9 p\u00f3s-graduado em Implementa\u00e7\u00e3o e Gest\u00e3o de Sistemas de Seguran\u00e7a e Sa\u00fade no Trabalho, exercendo as fun\u00e7\u00f5es de T\u00e9cnico Superior de Seguran\u00e7a e &hellip;<\/p>\n<p class=\"read-more\"> <a class=\"\" href=\"https:\/\/unirparafazer.pt\/index.php\/mario_julio_ramos\/\"> <span class=\"screen-reader-text\">M\u00e1rio J\u00falio Ramos<\/span> Read More &raquo;<\/a><\/p>\n","protected":false},"author":1,"featured_media":0,"parent":0,"menu_order":0,"comment_status":"closed","ping_status":"closed","template":"elementor_canvas","meta":{"footnotes":""},"class_list":["post-693","page","type-page","status-publish","hentry"],"_links":{"self":[{"href":"https:\/\/unirparafazer.pt\/index.php\/wp-json\/wp\/v2\/pages\/693","targetHints":{"allow":["GET"]}}],"collection":[{"href":"https:\/\/unirparafazer.pt\/index.php\/wp-json\/wp\/v2\/pages"}],"about":[{"href":"https:\/\/unirparafazer.pt\/index.php\/wp-json\/wp\/v2\/types\/page"}],"author":[{"embeddable":true,"href":"https:\/\/unirparafazer.pt\/index.php\/wp-json\/wp\/v2\/users\/1"}],"replies":[{"embeddable":true,"href":"https:\/\/unirparafazer.pt\/index.php\/wp-json\/wp\/v2\/comments?post=693"}],"version-history":[{"count":16,"href":"https:\/\/unirparafazer.pt\/index.php\/wp-json\/wp\/v2\/pages\/693\/revisions"}],"predecessor-version":[{"id":815,"href":"https:\/\/unirparafazer.pt\/index.php\/wp-json\/wp\/v2\/pages\/693\/revisions\/815"}],"wp:attachment":[{"href":"https:\/\/unirparafazer.pt\/index.php\/wp-json\/wp\/v2\/media?parent=693"}],"curies":[{"name":"wp","href":"https:\/\/api.w.org\/{rel}","templated":true}]}}