{"id":706,"date":"2025-08-21T12:10:54","date_gmt":"2025-08-21T12:10:54","guid":{"rendered":"https:\/\/unirparafazer.pt\/?page_id=706"},"modified":"2025-08-26T14:56:54","modified_gmt":"2025-08-26T14:56:54","slug":"jose_pinto_reis","status":"publish","type":"page","link":"https:\/\/unirparafazer.pt\/index.php\/jose_pinto_reis\/","title":{"rendered":"Jos\u00e9 Pinto Reis"},"content":{"rendered":"\t\t<div data-elementor-type=\"wp-page\" data-elementor-id=\"706\" class=\"elementor elementor-706\" data-elementor-settings=\"[]\">\n\t\t\t\t\t\t\t<div class=\"elementor-section-wrap\">\n\t\t\t\t\t\t\t<section class=\"elementor-section elementor-top-section elementor-element elementor-element-6fe8ecc elementor-section-height-min-height elementor-section-boxed elementor-section-height-default elementor-section-items-middle\" data-id=\"6fe8ecc\" data-element_type=\"section\" data-settings=\"{&quot;background_background&quot;:&quot;classic&quot;}\">\n\t\t\t\t\t\t<div class=\"elementor-container elementor-column-gap-default\">\n\t\t\t\t\t<div class=\"elementor-column elementor-col-50 elementor-top-column elementor-element elementor-element-d5c1401\" data-id=\"d5c1401\" data-element_type=\"column\">\n\t\t\t<div class=\"elementor-widget-wrap elementor-element-populated\">\n\t\t\t\t\t\t\t\t<div class=\"elementor-element elementor-element-278080c elementor-widget elementor-widget-image\" data-id=\"278080c\" data-element_type=\"widget\" data-widget_type=\"image.default\">\n\t\t\t\t<div class=\"elementor-widget-container\">\n\t\t\t\t\t\t\t\t\t\t\t\t\t\t\t\t<a href=\"\/\">\n\t\t\t\t\t\t\t<img loading=\"lazy\" decoding=\"async\" width=\"1024\" height=\"460\" src=\"https:\/\/unirparafazer.pt\/wp-content\/uploads\/2021\/04\/cropped-logo_final_upf-03-scaled-1024x460.png\" class=\"attachment-large size-large\" alt=\"\" srcset=\"https:\/\/unirparafazer.pt\/wp-content\/uploads\/2021\/04\/cropped-logo_final_upf-03-scaled-1024x460.png 1024w, https:\/\/unirparafazer.pt\/wp-content\/uploads\/2021\/04\/cropped-logo_final_upf-03-scaled-300x135.png 300w, https:\/\/unirparafazer.pt\/wp-content\/uploads\/2021\/04\/cropped-logo_final_upf-03-scaled-768x345.png 768w, https:\/\/unirparafazer.pt\/wp-content\/uploads\/2021\/04\/cropped-logo_final_upf-03-scaled-1536x689.png 1536w, https:\/\/unirparafazer.pt\/wp-content\/uploads\/2021\/04\/cropped-logo_final_upf-03-scaled-2048x919.png 2048w, https:\/\/unirparafazer.pt\/wp-content\/uploads\/2021\/04\/cropped-logo_final_upf-03-scaled-175x79.png 175w\" sizes=\"auto, (max-width: 1024px) 100vw, 1024px\" \/>\t\t\t\t\t\t\t\t<\/a>\n\t\t\t\t\t\t\t\t\t\t\t\t\t\t\t<\/div>\n\t\t\t\t<\/div>\n\t\t\t\t<section class=\"elementor-section elementor-inner-section elementor-element elementor-element-ca7214e elementor-section-full_width elementor-section-height-default elementor-section-height-default\" data-id=\"ca7214e\" data-element_type=\"section\">\n\t\t\t\t\t\t<div class=\"elementor-container elementor-column-gap-extended\">\n\t\t\t\t\t<div class=\"elementor-column elementor-col-50 elementor-inner-column elementor-element elementor-element-bbd5cd4\" data-id=\"bbd5cd4\" data-element_type=\"column\">\n\t\t\t<div class=\"elementor-widget-wrap elementor-element-populated\">\n\t\t\t\t\t\t\t\t<div class=\"elementor-element elementor-element-a8b0425 elementor-hidden-phone elementor-view-default elementor-widget elementor-widget-icon\" data-id=\"a8b0425\" data-element_type=\"widget\" data-widget_type=\"icon.default\">\n\t\t\t\t<div class=\"elementor-widget-container\">\n\t\t\t\t\t<div class=\"elementor-icon-wrapper\">\n\t\t\t<a class=\"elementor-icon\" href=\"\/index.php\">\n\t\t\t<i aria-hidden=\"true\" class=\"fas fa-home\"><\/i>\t\t\t<\/a>\n\t\t<\/div>\n\t\t\t\t<\/div>\n\t\t\t\t<\/div>\n\t\t\t\t\t<\/div>\n\t\t<\/div>\n\t\t\t\t<div class=\"elementor-column elementor-col-50 elementor-inner-column elementor-element elementor-element-d26038d\" data-id=\"d26038d\" data-element_type=\"column\">\n\t\t\t<div class=\"elementor-widget-wrap elementor-element-populated\">\n\t\t\t\t\t\t\t\t<div class=\"elementor-element elementor-element-8e4274b elementor-widget elementor-widget-heading\" data-id=\"8e4274b\" data-element_type=\"widget\" data-widget_type=\"heading.default\">\n\t\t\t\t<div class=\"elementor-widget-container\">\n\t\t\t<h2 class=\"elementor-heading-title elementor-size-default\">CANDIDATOS<\/h2>\t\t<\/div>\n\t\t\t\t<\/div>\n\t\t\t\t\t<\/div>\n\t\t<\/div>\n\t\t\t\t\t\t\t<\/div>\n\t\t<\/section>\n\t\t\t\t<div class=\"elementor-element elementor-element-82d3d24 elementor-widget elementor-widget-image\" data-id=\"82d3d24\" data-element_type=\"widget\" data-widget_type=\"image.default\">\n\t\t\t\t<div class=\"elementor-widget-container\">\n\t\t\t\t\t\t\t\t\t\t\t\t\t\t\t<img loading=\"lazy\" decoding=\"async\" width=\"1024\" height=\"1024\" src=\"https:\/\/unirparafazer.pt\/wp-content\/uploads\/2025\/06\/2025-Pinto_Reis-1024x1024.webp\" class=\"attachment-large size-large\" alt=\"\" srcset=\"https:\/\/unirparafazer.pt\/wp-content\/uploads\/2025\/06\/2025-Pinto_Reis-1024x1024.webp 1024w, https:\/\/unirparafazer.pt\/wp-content\/uploads\/2025\/06\/2025-Pinto_Reis-300x300.webp 300w, https:\/\/unirparafazer.pt\/wp-content\/uploads\/2025\/06\/2025-Pinto_Reis-150x150.webp 150w, https:\/\/unirparafazer.pt\/wp-content\/uploads\/2025\/06\/2025-Pinto_Reis-768x768.webp 768w, https:\/\/unirparafazer.pt\/wp-content\/uploads\/2025\/06\/2025-Pinto_Reis-1536x1536.webp 1536w, https:\/\/unirparafazer.pt\/wp-content\/uploads\/2025\/06\/2025-Pinto_Reis.webp 1700w\" sizes=\"auto, (max-width: 1024px) 100vw, 1024px\" \/>\t\t\t\t\t\t\t\t\t\t\t\t\t\t\t<\/div>\n\t\t\t\t<\/div>\n\t\t\t\t<div class=\"elementor-element elementor-element-6f3dffe elementor-widget elementor-widget-heading\" data-id=\"6f3dffe\" data-element_type=\"widget\" data-widget_type=\"heading.default\">\n\t\t\t\t<div class=\"elementor-widget-container\">\n\t\t\t<h2 class=\"elementor-heading-title elementor-size-default\">Jos\u00e9 Pinto Reis<\/h2>\t\t<\/div>\n\t\t\t\t<\/div>\n\t\t\t\t<div class=\"elementor-element elementor-element-52122e4 elementor-widget elementor-widget-heading\" data-id=\"52122e4\" data-element_type=\"widget\" data-widget_type=\"heading.default\">\n\t\t\t\t<div class=\"elementor-widget-container\">\n\t\t\t<h3 class=\"elementor-heading-title elementor-size-default\">Assembleia Municipal de \u00cdlhavo<\/h3>\t\t<\/div>\n\t\t\t\t<\/div>\n\t\t\t\t<div class=\"elementor-element elementor-element-4e9e38a elementor-widget elementor-widget-text-editor\" data-id=\"4e9e38a\" data-element_type=\"widget\" data-widget_type=\"text-editor.default\">\n\t\t\t\t<div class=\"elementor-widget-container\">\n\t\t\t\t\t\t\t\t<p>Jos\u00e9 Pinto Reis nasceu h\u00e1 54 anos na Gafanha da Nazar\u00e9 e reside em \u00cdlhavo. Licenciado e mestre em Gest\u00e3o, \u00e9 Diretor Administrativo e Financeiro e leciona no Ensino Superior. \u00c9 l\u00edder do grupo municipal Unir Para Fazer na Assembleia Municipal de \u00cdlhavo desde outubro de 2021.<\/p>\t\t\t\t\t\t<\/div>\n\t\t\t\t<\/div>\n\t\t\t\t\t<\/div>\n\t\t<\/div>\n\t\t\t\t<div class=\"elementor-column elementor-col-50 elementor-top-column elementor-element elementor-element-9bd85fc\" data-id=\"9bd85fc\" data-element_type=\"column\">\n\t\t\t<div class=\"elementor-widget-wrap\">\n\t\t\t\t\t\t\t\t\t<\/div>\n\t\t<\/div>\n\t\t\t\t\t\t\t<\/div>\n\t\t<\/section>\n\t\t\t\t<section class=\"elementor-section elementor-top-section elementor-element elementor-element-6c37f98 elementor-section-boxed elementor-section-height-default elementor-section-height-default\" data-id=\"6c37f98\" data-element_type=\"section\">\n\t\t\t\t\t\t<div class=\"elementor-container elementor-column-gap-default\">\n\t\t\t\t\t<div class=\"elementor-column elementor-col-50 elementor-top-column elementor-element elementor-element-5b61865\" data-id=\"5b61865\" data-element_type=\"column\">\n\t\t\t<div class=\"elementor-widget-wrap elementor-element-populated\">\n\t\t\t\t\t\t\t\t<div class=\"elementor-element elementor-element-b03fff3 elementor-widget elementor-widget-heading\" data-id=\"b03fff3\" data-element_type=\"widget\" data-widget_type=\"heading.default\">\n\t\t\t\t<div class=\"elementor-widget-container\">\n\t\t\t<h3 class=\"elementor-heading-title elementor-size-default\">Caros(as),<\/h3>\t\t<\/div>\n\t\t\t\t<\/div>\n\t\t\t\t<div class=\"elementor-element elementor-element-0b121a1 elementor-widget elementor-widget-text-editor\" data-id=\"0b121a1\" data-element_type=\"widget\" data-widget_type=\"text-editor.default\">\n\t\t\t\t<div class=\"elementor-widget-container\">\n\t\t\t\t\t\t\t\t<p>Apresentamo-nos a estas\u00a0<strong>elei\u00e7\u00f5es<\/strong>\u00a0com sentido de\u00a0<strong>responsabilidade<\/strong>\u00a0e com a consci\u00eancia da\u00a0<strong>urg\u00eancia<\/strong>\u00a0do momento. A\u00a0<strong>participa\u00e7\u00e3o<\/strong> de cada um \u00e9 fundamental numa fase em que a nossa <strong>democracia <\/strong>atravessa <strong>desafios <\/strong>importantes.<\/p><p>Em\u00a0<strong>2021<\/strong>, o nosso\u00a0<strong>Movimento<\/strong>\u00a0foi uma verdadeira\u00a0<em>pedrada no charco <\/em>no <strong>munic\u00edpio <\/strong>e na <strong>regi\u00e3o<\/strong>. Contra todas as expectativas, conclu\u00edmos um\u00a0<strong>mandato aut\u00e1rquico<\/strong>\u00a0sem\u00a0<strong>crises institucionais<\/strong>\u00a0e com\u00a0<strong>resultados concretos<\/strong>, alterando as\u00a0<strong>op\u00e7\u00f5es estrat\u00e9gicas<\/strong>\u00a0do concelho. Cumprimos o que prometemos: inici\u00e1mos a\u00a0<strong>\u201crevolu\u00e7\u00e3o tranquila\u201d<\/strong>.<\/p><p>O\u00a0<strong>trabalho<\/strong>\u00a0iniciado h\u00e1\u00a0<strong>quatro anos<\/strong> precisa de ser <strong>continuado <\/strong>e <strong>aperfei\u00e7oado<\/strong>. Para isso, \u00e9 essencial garantir as <strong>condi\u00e7\u00f5es de governabilidade<\/strong>\u00a0adequadas em cada\u00a0<strong>\u00f3rg\u00e3o<\/strong>. Apresentamos\u00a0<strong>equipas fortes<\/strong>, formadas por pessoas <strong>competentes<\/strong>, <strong>empenhadas <\/strong>e com <strong>experi\u00eancias diversificadas<\/strong>. Estamos neste\u00a0<strong>projeto<\/strong>\u00a0para\u00a0<strong>valorizar<\/strong>\u00a0as nossas\u00a0<strong>gentes<\/strong>\u00a0e as nossas\u00a0<strong>localidades<\/strong>\u00a0\u2014\u00a0<em>sem qualquer ambi\u00e7\u00e3o pol\u00edtica pessoal a n\u00edvel nacional<\/em>.<\/p><p>Queremos que a\u00a0<strong>Assembleia Municipal<\/strong>\u00a0e os seus\u00a0<strong>canais de comunica\u00e7\u00e3o <\/strong>sejam espa\u00e7os de <strong>democracia<\/strong>, <strong>pluralidade <\/strong>e <strong>debate construtivo<\/strong>.<\/p><p>Acreditamos ser merecedores da vossa\u00a0<strong>confian\u00e7a<\/strong> para continuarmos a ser fi\u00e9is aos princ\u00edpios que nos trouxeram at\u00e9 aqui: <strong>proximidade<\/strong>, <strong>humildade<\/strong>, <strong>transpar\u00eancia<\/strong> e <strong>determina\u00e7\u00e3o<\/strong>.<\/p><p><strong>Contamos com o vosso apoio!<\/strong><\/p><p><strong>Jos\u00e9 Pinto Reis\u00a0<\/strong>| Candidato \u00e0 Assembleia Municipal de \u00cdlhavo<\/p>\t\t\t\t\t\t<\/div>\n\t\t\t\t<\/div>\n\t\t\t\t\t<\/div>\n\t\t<\/div>\n\t\t\t\t<div class=\"elementor-column elementor-col-50 elementor-top-column elementor-element elementor-element-c7e1aee\" data-id=\"c7e1aee\" data-element_type=\"column\">\n\t\t\t<div class=\"elementor-widget-wrap elementor-element-populated\">\n\t\t\t\t\t\t\t\t<div class=\"elementor-element elementor-element-61d2006 elementor-widget elementor-widget-heading\" data-id=\"61d2006\" data-element_type=\"widget\" data-widget_type=\"heading.default\">\n\t\t\t\t<div class=\"elementor-widget-container\">\n\t\t\t<h3 class=\"elementor-heading-title elementor-size-default\">Lista de candidatos<\/h3>\t\t<\/div>\n\t\t\t\t<\/div>\n\t\t\t\t<div class=\"elementor-element elementor-element-2ee6894 table-candidatos elementor-widget elementor-widget-text-editor\" data-id=\"2ee6894\" data-element_type=\"widget\" data-widget_type=\"text-editor.default\">\n\t\t\t\t<div class=\"elementor-widget-container\">\n\t\t\t\t\t\t\t\t<table>\n<tbody>\n<tr>\n<td width=\"66\"><strong>1<\/strong><\/td>\n<td width=\"416\">Jos\u00e9 Manuel Figueiredo Pinto Reis<\/td>\n<\/tr>\n<tr>\n<td width=\"66\"><strong>2<\/strong><\/td>\n<td width=\"416\">Pedro Miguel Cristo Gra\u00e7a<\/td>\n<\/tr>\n<tr>\n<td width=\"66\"><strong>3<\/strong><\/td>\n<td width=\"416\">Maria Gra\u00e7a da Silva Oliveira<\/td>\n<\/tr>\n<tr>\n<td width=\"66\"><strong>4<\/strong><\/td>\n<td width=\"416\">Rui Manuel da Rocha Rufino<\/td>\n<\/tr>\n<tr>\n<td width=\"66\"><strong>5<\/strong><\/td>\n<td width=\"416\">Daniela Ribeiro Alegria<\/td>\n<\/tr>\n<tr>\n<td width=\"66\"><strong>6<\/strong><\/td>\n<td width=\"416\">Paulo S\u00e9rgio Ribau Amarante<\/td>\n<\/tr>\n<tr>\n<td width=\"66\"><strong>7<\/strong><\/td>\n<td width=\"416\">Cl\u00e1udia Cristina Fernandes Reigota<\/td>\n<\/tr>\n<tr>\n<td width=\"66\"><strong>8<\/strong><\/td>\n<td width=\"416\">Serafim Ribeiro Pinto<\/td>\n<\/tr>\n<tr>\n<td width=\"66\"><strong>9<\/strong><\/td>\n<td width=\"416\">Ernesto Manuel Vidal Garrelhas<\/td>\n<\/tr>\n<tr>\n<td width=\"66\"><strong>10<\/strong><\/td>\n<td width=\"416\">Paula Alexandra da Gra\u00e7a Ferreira<\/td>\n<\/tr>\n<tr>\n<td width=\"66\"><strong>11<\/strong><\/td>\n<td width=\"416\">S\u00e9rgio Manuel Gomes Silva<\/td>\n<\/tr>\n<tr>\n<td width=\"66\"><strong>12<\/strong><\/td>\n<td width=\"416\">Liliana Brand\u00e3o Da Silva Correia Dias da Rocha<\/td>\n<\/tr>\n<tr>\n<td width=\"66\"><strong>13<\/strong><\/td>\n<td width=\"416\">Jorge Manuel Branco Almeida<\/td>\n<\/tr>\n<tr>\n<td width=\"66\"><strong>14<\/strong><\/td>\n<td width=\"416\">Mariana da Silva Lopes<\/td>\n<\/tr>\n<tr>\n<td width=\"66\"><strong>15<\/strong><\/td>\n<td width=\"416\">Maria Verdade Pinto Reis<\/td>\n<\/tr>\n<tr>\n<td width=\"66\"><strong>16<\/strong><\/td>\n<td width=\"416\">Manuel Carlos Reis Vieira<\/td>\n<\/tr>\n<tr>\n<td width=\"66\"><strong>17<\/strong><\/td>\n<td width=\"416\">Ana Rita Santos Fonseca<\/td>\n<\/tr>\n<tr>\n<td width=\"66\"><strong>18<\/strong><\/td>\n<td width=\"416\">Armindo Jos\u00e9 Silva Fernandes<\/td>\n<\/tr>\n<tr>\n<td width=\"66\"><strong>19<\/strong><\/td>\n<td width=\"416\">Marta Isabel Pinto Reis<\/td>\n<\/tr>\n<tr>\n<td width=\"66\"><strong>20<\/strong><\/td>\n<td width=\"416\">Cla\u00fadia Raquel Ferreira Morgado<\/td>\n<\/tr>\n<tr>\n<td width=\"66\"><strong>21<\/strong><\/td>\n<td width=\"416\">Eduardo Jaime Delgado de Almeida<\/td>\n<\/tr><tr>\n<td width=\"66\"><strong>22<\/strong><\/td>\n<td width=\"416\">Ana Maria Oliveira Costa<\/td>\n<\/tr>\n<tr>\n<td width=\"66\"><strong>23<\/strong><\/td>\n<td width=\"416\">Sim\u00e3o Pedro Tavares Santo<\/td>\n<\/tr>\n<tr>\n<td width=\"66\"><strong>24<\/strong><\/td>\n<td width=\"416\">Ana Carolina Senos Ferreira<\/td>\n<\/tr>\n<tr>\n<td width=\"66\"><strong>25<\/strong><\/td>\n<td width=\"416\">L\u00facia Maria dos Santos Morgado<\/td>\n<\/tr>\n<tr>\n<td width=\"66\"><strong>26<\/strong><\/td>\n<td width=\"416\">Paulo Jorge Brito Rodrigues<\/td>\n<\/tr>\n<tr>\n<td width=\"66\"><strong>27<\/strong><\/td>\n<td width=\"416\">Daniela Sofia Cravo Casqueira<\/td>\n<\/tr>\n<tr>\n<td width=\"66\"><strong>28<\/strong><\/td>\n<td width=\"416\">Joaquim Pereira Pinto<\/td>\n<\/tr>\n<tr>\n<td width=\"66\"><strong>29<\/strong><\/td>\n<td width=\"416\">Teresa Ant\u00f3nia Canhoto Morgado<\/td>\n<\/tr>\n<tr>\n<td width=\"66\"><strong>30<\/strong><\/td>\n<td width=\"416\">Pedro Miguel Gravato Merendeiro<\/td>\n<\/tr>\n<tr>\n<td width=\"66\"><strong>31<\/strong><\/td>\n<td width=\"416\">Odete Maria Pinheiro dos Santos Martins<\/td>\n<\/tr>\n<tr>\n<td width=\"66\"><strong>32<\/strong><\/td>\n<td width=\"416\">Z\u00e9lia Maria de Sousa Cajeira Pedroso<\/td>\n<\/tr>\n<tr>\n<td width=\"66\"><strong>33<\/strong><\/td>\n<td width=\"416\">Andr\u00e9 Manuel de Sousa Verdade<\/td>\n<\/tr>\n<tr>\n<td width=\"66\"><strong>34<\/strong><\/td>\n<td width=\"416\">Maria Jo\u00e3o da Silva Fidalgo Cravo<\/td>\n<\/tr>\n<tr>\n<td width=\"66\"><strong>35<\/strong><\/td>\n<td width=\"416\">Manuel Augusto Pereira Neves<\/td>\n<\/tr>\n<tr>\n<td width=\"66\"><strong>36<\/strong><\/td>\n<td width=\"416\">Ant\u00f3nio Manuel Vieira Grave<\/td>\n<\/tr>\n<tr>\n<td width=\"66\"><strong>37<\/strong><\/td>\n<td width=\"416\">Maria de Lurdes Marques Andrade da Silva<\/td>\n<\/tr>\n<tr>\n<td width=\"66\"><strong>38<\/strong><\/td>\n<td width=\"416\">J\u00falio Carlos Ferreira Tavares<\/td>\n<\/tr>\n<tr>\n<td width=\"66\"><strong>39<\/strong><\/td>\n<td width=\"416\">Isabel Maria Cova da Silva Franco<\/td>\n<\/tr>\n<tr>\n<td width=\"66\"><strong>40<\/strong><\/td>\n<td width=\"416\">Filipe Jorge Maia Silva<\/td>\n<\/tr>\n<tr>\n<td width=\"66\"><strong>41<\/strong><\/td>\n<td width=\"416\">Maria da Concei\u00e7\u00e3o Coelho do Carmo Canhoto<\/td>\n<\/tr>\n<\/tbody>\n<\/table>\t\t\t\t\t\t<\/div>\n\t\t\t\t<\/div>\n\t\t\t\t\t<\/div>\n\t\t<\/div>\n\t\t\t\t\t\t\t<\/div>\n\t\t<\/section>\n\t\t\t\t\t\t<\/div>\n\t\t\t\t\t<\/div>\n\t\t","protected":false},"excerpt":{"rendered":"<p>CANDIDATOS Jos\u00e9 Pinto Reis Assembleia Municipal de \u00cdlhavo Jos\u00e9 Pinto Reis nasceu h\u00e1 54 anos na Gafanha da Nazar\u00e9 e reside em \u00cdlhavo. Licenciado e mestre em Gest\u00e3o, \u00e9 Diretor Administrativo e Financeiro e leciona no Ensino Superior. \u00c9 l\u00edder do grupo municipal Unir Para Fazer na Assembleia Municipal de \u00cdlhavo desde outubro de 2021. &hellip;<\/p>\n<p class=\"read-more\"> <a class=\"\" href=\"https:\/\/unirparafazer.pt\/index.php\/jose_pinto_reis\/\"> <span class=\"screen-reader-text\">Jos\u00e9 Pinto Reis<\/span> Read More &raquo;<\/a><\/p>\n","protected":false},"author":1,"featured_media":0,"parent":0,"menu_order":0,"comment_status":"closed","ping_status":"closed","template":"elementor_canvas","meta":{"footnotes":""},"class_list":["post-706","page","type-page","status-publish","hentry"],"_links":{"self":[{"href":"https:\/\/unirparafazer.pt\/index.php\/wp-json\/wp\/v2\/pages\/706","targetHints":{"allow":["GET"]}}],"collection":[{"href":"https:\/\/unirparafazer.pt\/index.php\/wp-json\/wp\/v2\/pages"}],"about":[{"href":"https:\/\/unirparafazer.pt\/index.php\/wp-json\/wp\/v2\/types\/page"}],"author":[{"embeddable":true,"href":"https:\/\/unirparafazer.pt\/index.php\/wp-json\/wp\/v2\/users\/1"}],"replies":[{"embeddable":true,"href":"https:\/\/unirparafazer.pt\/index.php\/wp-json\/wp\/v2\/comments?post=706"}],"version-history":[{"count":16,"href":"https:\/\/unirparafazer.pt\/index.php\/wp-json\/wp\/v2\/pages\/706\/revisions"}],"predecessor-version":[{"id":878,"href":"https:\/\/unirparafazer.pt\/index.php\/wp-json\/wp\/v2\/pages\/706\/revisions\/878"}],"wp:attachment":[{"href":"https:\/\/unirparafazer.pt\/index.php\/wp-json\/wp\/v2\/media?parent=706"}],"curies":[{"name":"wp","href":"https:\/\/api.w.org\/{rel}","templated":true}]}}